{"id":915,"date":"2025-04-07T22:29:26","date_gmt":"2025-04-07T22:29:26","guid":{"rendered":"https:\/\/importadoracristinateran.com\/?post_type=product&#038;p=915"},"modified":"2025-05-09T23:28:04","modified_gmt":"2025-05-09T23:28:04","slug":"dmso-gel","status":"publish","type":"product","link":"https:\/\/importadoracristinateran.com\/?product=dmso-gel","title":{"rendered":"Dmso Gel"},"content":{"rendered":"<h3><strong>Antiinflamatorio y analg\u00e9sico<\/strong><\/h3>\n<h3><strong>T\u00f3pico<\/strong><\/h3>\n<p><strong>\u00a0<\/strong><\/p>\n<p><strong>Composici\u00f3n:<\/strong><\/p>\n<p>Dimetilsulf\u00f3xido (DMSO) 90 g<\/p>\n<p>Excipientes c.s.p. 100 g<\/p>\n<p><strong>Indicaciones:<\/strong><\/p>\n<p>Antiinflamatorio, analg\u00e9sico de uso t\u00f3pico.<\/p>\n<p>Para el tratamiento de procesos inflamatorios de m\u00fasculos, tendones, articulaciones, ligamentos, bursitis y miositis; traumatismos diversos ocasionados por causas de origen deportivo, alivio del dolor muscular, contusiones; tratamiento de hematomas, edemas y seromas.<\/p>\n<p>Por su particularidad de penetraci\u00f3n, como transportador o veh\u00edculo de sustancias, antiinflamatorios no esteroideos (AINEs), antiinflamatorios esteroideos (AIEs) y antibi\u00f3ticos.<\/p>\n<p>Posee asimismo un leve efecto diur\u00e9tico.<\/p>\n<p><strong>Especies animales a las que se destina:<\/strong><\/p>\n<p>Equinos, caninos y felino.<\/p>\n<p><strong>\u00a0<\/strong><strong>V\u00eda de administraci\u00f3n:<\/strong><\/p>\n<p>Aplicar en la zona afectada, limpia, masajeando levemente y dejando una fina pel\u00edcula del producto sobre ella.<\/p>\n<p>Se recomienda el uso de guantes de goma para la aplicaci\u00f3n.<\/p>\n<p>De ser necesario se puede repetir 2 a 3 veces diarias, quedando a criterio del profesional actuante.<\/p>\n","protected":false},"excerpt":{"rendered":"<h3><strong>Antiinflamatorio y analg\u00e9sico<\/strong><\/h3>\n<h3><strong>T\u00f3pico<\/strong><\/h3>\n<p><strong>\u00a0<\/strong><\/p>\n<p><strong>Composici\u00f3n:<\/strong><\/p>\n<p>Dimetilsulf\u00f3xido (DMSO) 90 g<\/p>\n<p>Excipientes c.s.p. 100 g<\/p>\n","protected":false},"featured_media":916,"comment_status":"open","ping_status":"closed","template":"","meta":{"_uag_custom_page_level_css":"","site-sidebar-layout":"default","site-content-layout":"","ast-site-content-layout":"default","site-content-style":"default","site-sidebar-style":"default","ast-global-header-display":"","ast-banner-title-visibility":"","ast-main-header-display":"","ast-hfb-above-header-display":"","ast-hfb-below-header-display":"","ast-hfb-mobile-header-display":"","site-post-title":"","ast-breadcrumbs-content":"","ast-featured-img":"","footer-sml-layout":"","theme-transparent-header-meta":"default","adv-header-id-meta":"","stick-header-meta":"","header-above-stick-meta":"","header-main-stick-meta":"","header-below-stick-meta":"","astra-migrate-meta-layouts":"set","ast-page-background-enabled":"default","ast-page-background-meta":{"desktop":{"background-color":"var(--ast-global-color-5)","background-image":"","background-repeat":"repeat","background-position":"center center","background-size":"auto","background-attachment":"scroll","background-type":"","background-media":"","overlay-type":"","overlay-color":"","overlay-opacity":"","overlay-gradient":""},"tablet":{"background-color":"","background-image":"","background-repeat":"repeat","background-position":"center center","background-size":"auto","background-attachment":"scroll","background-type":"","background-media":"","overlay-type":"","overlay-color":"","overlay-opacity":"","overlay-gradient":""},"mobile":{"background-color":"","background-image":"","background-repeat":"repeat","background-position":"center center","background-size":"auto","background-attachment":"scroll","background-type":"","background-media":"","overlay-type":"","overlay-color":"","overlay-opacity":"","overlay-gradient":""}},"ast-content-background-meta":{"desktop":{"background-color":"var(--ast-global-color-4)","background-image":"","background-repeat":"repeat","background-position":"center center","background-size":"auto","background-attachment":"scroll","background-type":"","background-media":"","overlay-type":"","overlay-color":"","overlay-opacity":"","overlay-gradient":""},"tablet":{"background-color":"var(--ast-global-color-4)","background-image":"","background-repeat":"repeat","background-position":"center center","background-size":"auto","background-attachment":"scroll","background-type":"","background-media":"","overlay-type":"","overlay-color":"","overlay-opacity":"","overlay-gradient":""},"mobile":{"background-color":"var(--ast-global-color-4)","background-image":"","background-repeat":"repeat","background-position":"center center","background-size":"auto","background-attachment":"scroll","background-type":"","background-media":"","overlay-type":"","overlay-color":"","overlay-opacity":"","overlay-gradient":""}},"_joinchat":[]},"product_brand":[],"product_cat":[58],"product_tag":[87],"class_list":{"0":"post-915","1":"product","2":"type-product","3":"status-publish","4":"has-post-thumbnail","6":"product_cat-labmicrosules","7":"product_tag-topico","8":"desktop-align-left","9":"tablet-align-left","10":"mobile-align-left","12":"first","13":"instock","14":"shipping-taxable","15":"product-type-external"},"aioseo_notices":[],"uagb_featured_image_src":{"full":["https:\/\/importadoracristinateran.com\/wp-content\/uploads\/2025\/04\/DMSO_Gel_4afb091f3060b.jpg",700,502,false],"thumbnail":["https:\/\/importadoracristinateran.com\/wp-content\/uploads\/2025\/04\/DMSO_Gel_4afb091f3060b-150x150.jpg",150,150,true],"medium":["https:\/\/importadoracristinateran.com\/wp-content\/uploads\/2025\/04\/DMSO_Gel_4afb091f3060b-300x215.jpg",300,215,true],"medium_large":["https:\/\/importadoracristinateran.com\/wp-content\/uploads\/2025\/04\/DMSO_Gel_4afb091f3060b.jpg",700,502,false],"large":["https:\/\/importadoracristinateran.com\/wp-content\/uploads\/2025\/04\/DMSO_Gel_4afb091f3060b.jpg",700,502,false],"1536x1536":["https:\/\/importadoracristinateran.com\/wp-content\/uploads\/2025\/04\/DMSO_Gel_4afb091f3060b.jpg",700,502,false],"2048x2048":["https:\/\/importadoracristinateran.com\/wp-content\/uploads\/2025\/04\/DMSO_Gel_4afb091f3060b.jpg",700,502,false],"woocommerce_thumbnail":["https:\/\/importadoracristinateran.com\/wp-content\/uploads\/2025\/04\/DMSO_Gel_4afb091f3060b-300x300.jpg",300,300,true],"woocommerce_single":["https:\/\/importadoracristinateran.com\/wp-content\/uploads\/2025\/04\/DMSO_Gel_4afb091f3060b-600x430.jpg",600,430,true],"woocommerce_gallery_thumbnail":["https:\/\/importadoracristinateran.com\/wp-content\/uploads\/2025\/04\/DMSO_Gel_4afb091f3060b-100x100.jpg",100,100,true],"dgwt-wcas-product-suggestion":["https:\/\/importadoracristinateran.com\/wp-content\/uploads\/2025\/04\/DMSO_Gel_4afb091f3060b-64x46.jpg",64,46,true]},"uagb_author_info":{"display_name":"mcris.import@gmail.com","author_link":"https:\/\/importadoracristinateran.com\/?author=0"},"uagb_comment_info":0,"uagb_excerpt":"Antiinflamatorio y analg\u00e9sico T\u00f3pico \u00a0 Composici\u00f3n: Dimetilsulf\u00f3xido (DMSO) 90 g Excipientes c.s.p. 100 g","_links":{"self":[{"href":"https:\/\/importadoracristinateran.com\/index.php?rest_route=\/wp\/v2\/product\/915","targetHints":{"allow":["GET"]}}],"collection":[{"href":"https:\/\/importadoracristinateran.com\/index.php?rest_route=\/wp\/v2\/product"}],"about":[{"href":"https:\/\/importadoracristinateran.com\/index.php?rest_route=\/wp\/v2\/types\/product"}],"replies":[{"embeddable":true,"href":"https:\/\/importadoracristinateran.com\/index.php?rest_route=%2Fwp%2Fv2%2Fcomments&post=915"}],"wp:featuredmedia":[{"embeddable":true,"href":"https:\/\/importadoracristinateran.com\/index.php?rest_route=\/wp\/v2\/media\/916"}],"wp:attachment":[{"href":"https:\/\/importadoracristinateran.com\/index.php?rest_route=%2Fwp%2Fv2%2Fmedia&parent=915"}],"wp:term":[{"taxonomy":"product_brand","embeddable":true,"href":"https:\/\/importadoracristinateran.com\/index.php?rest_route=%2Fwp%2Fv2%2Fproduct_brand&post=915"},{"taxonomy":"product_cat","embeddable":true,"href":"https:\/\/importadoracristinateran.com\/index.php?rest_route=%2Fwp%2Fv2%2Fproduct_cat&post=915"},{"taxonomy":"product_tag","embeddable":true,"href":"https:\/\/importadoracristinateran.com\/index.php?rest_route=%2Fwp%2Fv2%2Fproduct_tag&post=915"}],"curies":[{"name":"wp","href":"https:\/\/api.w.org\/{rel}","templated":true}]}}