{"id":918,"date":"2025-04-07T22:35:26","date_gmt":"2025-04-07T22:35:26","guid":{"rendered":"https:\/\/importadoracristinateran.com\/?post_type=product&#038;p=918"},"modified":"2025-05-09T23:27:50","modified_gmt":"2025-05-09T23:27:50","slug":"crema-de-ordene-microsules","status":"publish","type":"product","link":"https:\/\/importadoracristinateran.com\/?product=crema-de-ordene-microsules","title":{"rendered":"Crema de Orde\u00f1e Microsules"},"content":{"rendered":"<div class=\"elementor-element elementor-element-5e29f5d7 elementor-widget elementor-widget-woocommerce-product-title elementor-page-title elementor-widget-heading\" data-id=\"5e29f5d7\" data-element_type=\"widget\" data-widget_type=\"woocommerce-product-title.default\">\n<div class=\"elementor-widget-container\">\n<h5 class=\"product_title entry-title elementor-heading-title elementor-size-default\"><strong style=\"font-size: 1.5em;\">SUAVIZANTE con ALOE<\/strong><\/h5>\n<\/div>\n<\/div>\n<div class=\"elementor-element elementor-element-11bdfaca elementor-widget elementor-widget-woocommerce-product-short-description\" data-id=\"11bdfaca\" data-element_type=\"widget\" data-widget_type=\"woocommerce-product-short-description.default\">\n<div class=\"elementor-widget-container\">\n<div class=\"woocommerce-product-details__short-description\">\n<h3><strong>Para Bovinos, Ovinos, Equinos, Caprinos, Suinos, Caninos y Felinos<\/strong><\/h3>\n<p>&nbsp;<\/p>\n<p><strong>Composici\u00f3n:<\/strong><\/p>\n<p>Benzoca\u00edna 1,50 g<\/p>\n<p>\u00d3xido de zinc 1,00 g<\/p>\n<p>Clorexidina Digluconato al 20 % \u00a02,2 g<\/p>\n<p>Excipientes c.s.p. 100 g<\/p>\n<p><strong>Indicaciones:<\/strong><\/p>\n<p>Crema de orde\u00f1e para uso corriente, antis\u00e9ptica, emoliente, suavizante, favorece la cicatrizaci\u00f3n de heridas y grietas del pez\u00f3n, anest\u00e9sica y lubricante con una base evanescente emulsionable.<\/p>\n<p>Indicaciones de uso: Prevenci\u00f3n y tratamiento de heridas en pezones y ubres. Act\u00faa contra todo tipo de quemaduras por calor, por fr\u00edo y por los rayos solares. Tambi\u00e9n en las alteraciones de la piel como escaldaduras, eczemas secos, furfur\u00e1ceos, escamosos, descamativos, con o sin pruritos, grietas y heridas, tanto en los animales como en las manos del orde\u00f1ador.<\/p>\n<p><strong>V\u00eda de administraci\u00f3n:<\/strong><\/p>\n<p>Uso t\u00f3pico. Aplicar directamente sobre las zonas a tratar antes y despu\u00e9s del orde\u00f1e, distribuy\u00e9ndola uniformemente y masajeando suavemente hasta lograr su total desaparici\u00f3n.<\/p>\n<p>Se recomienda su aplicaci\u00f3n una o dos veces por d\u00eda, pudiendo repetirse m\u00e1s frecuentemente cuando se considere necesario, para la completa recuperaci\u00f3n de la zona afectada.<\/p>\n<\/div>\n<\/div>\n<\/div>\n","protected":false},"excerpt":{"rendered":"<div class=\"elementor-element elementor-element-5e29f5d7 elementor-widget elementor-widget-woocommerce-product-title elementor-page-title elementor-widget-heading\" data-id=\"5e29f5d7\" data-element_type=\"widget\" data-widget_type=\"woocommerce-product-title.default\">\n<div class=\"elementor-widget-container\">\n<h5 class=\"product_title entry-title elementor-heading-title elementor-size-default\"><strong style=\"font-size: 1.5em;\">SUAVIZANTE con ALOE<\/strong><\/h5>\n<\/div>\n<\/div>\n<div class=\"elementor-element elementor-element-11bdfaca elementor-widget elementor-widget-woocommerce-product-short-description\" data-id=\"11bdfaca\" data-element_type=\"widget\" data-widget_type=\"woocommerce-product-short-description.default\">\n<div class=\"elementor-widget-container\">\n<div class=\"woocommerce-product-details__short-description\">\n<h3><strong>Para Bovinos, Ovinos, Equinos, Caprinos, Suinos, Caninos y Felinos<\/strong><\/h3>\n<p>&nbsp;<\/p>\n<p><strong>Composici\u00f3n:<\/strong><\/p>\n<p>Benzoca\u00edna 1,50 g<\/p>\n<p>\u00d3xido de zinc 1,00 g<\/p>\n<p>Clorexidina Digluconato al 20 % \u00a02,2 g<\/p>\n<p>Excipientes c.s.p. 100 g<\/p>\n<\/div>\n<\/div>\n<\/div>\n","protected":false},"featured_media":919,"comment_status":"open","ping_status":"closed","template":"","meta":{"_uag_custom_page_level_css":"","site-sidebar-layout":"default","site-content-layout":"","ast-site-content-layout":"default","site-content-style":"default","site-sidebar-style":"default","ast-global-header-display":"","ast-banner-title-visibility":"","ast-main-header-display":"","ast-hfb-above-header-display":"","ast-hfb-below-header-display":"","ast-hfb-mobile-header-display":"","site-post-title":"","ast-breadcrumbs-content":"","ast-featured-img":"","footer-sml-layout":"","theme-transparent-header-meta":"default","adv-header-id-meta":"","stick-header-meta":"","header-above-stick-meta":"","header-main-stick-meta":"","header-below-stick-meta":"","astra-migrate-meta-layouts":"set","ast-page-background-enabled":"default","ast-page-background-meta":{"desktop":{"background-color":"var(--ast-global-color-5)","background-image":"","background-repeat":"repeat","background-position":"center center","background-size":"auto","background-attachment":"scroll","background-type":"","background-media":"","overlay-type":"","overlay-color":"","overlay-opacity":"","overlay-gradient":""},"tablet":{"background-color":"","background-image":"","background-repeat":"repeat","background-position":"center center","background-size":"auto","background-attachment":"scroll","background-type":"","background-media":"","overlay-type":"","overlay-color":"","overlay-opacity":"","overlay-gradient":""},"mobile":{"background-color":"","background-image":"","background-repeat":"repeat","background-position":"center center","background-size":"auto","background-attachment":"scroll","background-type":"","background-media":"","overlay-type":"","overlay-color":"","overlay-opacity":"","overlay-gradient":""}},"ast-content-background-meta":{"desktop":{"background-color":"var(--ast-global-color-4)","background-image":"","background-repeat":"repeat","background-position":"center center","background-size":"auto","background-attachment":"scroll","background-type":"","background-media":"","overlay-type":"","overlay-color":"","overlay-opacity":"","overlay-gradient":""},"tablet":{"background-color":"var(--ast-global-color-4)","background-image":"","background-repeat":"repeat","background-position":"center center","background-size":"auto","background-attachment":"scroll","background-type":"","background-media":"","overlay-type":"","overlay-color":"","overlay-opacity":"","overlay-gradient":""},"mobile":{"background-color":"var(--ast-global-color-4)","background-image":"","background-repeat":"repeat","background-position":"center center","background-size":"auto","background-attachment":"scroll","background-type":"","background-media":"","overlay-type":"","overlay-color":"","overlay-opacity":"","overlay-gradient":""}},"_joinchat":[]},"product_brand":[],"product_cat":[58],"product_tag":[88],"class_list":{"0":"post-918","1":"product","2":"type-product","3":"status-publish","4":"has-post-thumbnail","6":"product_cat-labmicrosules","7":"product_tag-crema","8":"desktop-align-left","9":"tablet-align-left","10":"mobile-align-left","12":"first","13":"instock","14":"shipping-taxable","15":"product-type-external"},"aioseo_notices":[],"uagb_featured_image_src":{"full":["https:\/\/importadoracristinateran.com\/wp-content\/uploads\/2025\/04\/Crema_de_Orde__e_4a8c59ecb5e09.jpg",700,700,false],"thumbnail":["https:\/\/importadoracristinateran.com\/wp-content\/uploads\/2025\/04\/Crema_de_Orde__e_4a8c59ecb5e09-150x150.jpg",150,150,true],"medium":["https:\/\/importadoracristinateran.com\/wp-content\/uploads\/2025\/04\/Crema_de_Orde__e_4a8c59ecb5e09-300x300.jpg",300,300,true],"medium_large":["https:\/\/importadoracristinateran.com\/wp-content\/uploads\/2025\/04\/Crema_de_Orde__e_4a8c59ecb5e09.jpg",700,700,false],"large":["https:\/\/importadoracristinateran.com\/wp-content\/uploads\/2025\/04\/Crema_de_Orde__e_4a8c59ecb5e09.jpg",700,700,false],"1536x1536":["https:\/\/importadoracristinateran.com\/wp-content\/uploads\/2025\/04\/Crema_de_Orde__e_4a8c59ecb5e09.jpg",700,700,false],"2048x2048":["https:\/\/importadoracristinateran.com\/wp-content\/uploads\/2025\/04\/Crema_de_Orde__e_4a8c59ecb5e09.jpg",700,700,false],"woocommerce_thumbnail":["https:\/\/importadoracristinateran.com\/wp-content\/uploads\/2025\/04\/Crema_de_Orde__e_4a8c59ecb5e09-300x300.jpg",300,300,true],"woocommerce_single":["https:\/\/importadoracristinateran.com\/wp-content\/uploads\/2025\/04\/Crema_de_Orde__e_4a8c59ecb5e09-600x600.jpg",600,600,true],"woocommerce_gallery_thumbnail":["https:\/\/importadoracristinateran.com\/wp-content\/uploads\/2025\/04\/Crema_de_Orde__e_4a8c59ecb5e09-100x100.jpg",100,100,true],"dgwt-wcas-product-suggestion":["https:\/\/importadoracristinateran.com\/wp-content\/uploads\/2025\/04\/Crema_de_Orde__e_4a8c59ecb5e09-64x64.jpg",64,64,true]},"uagb_author_info":{"display_name":"mcris.import@gmail.com","author_link":"https:\/\/importadoracristinateran.com\/?author=0"},"uagb_comment_info":0,"uagb_excerpt":"SUAVIZANTE con ALOE Para Bovinos, Ovinos, Equinos, Caprinos, Suinos, Caninos y Felinos &nbsp; Composici\u00f3n: Benzoca\u00edna 1,50 g \u00d3xido de zinc 1,00 g Clorexidina Digluconato al 20 % \u00a02,2 g Excipientes c.s.p. 100 g","_links":{"self":[{"href":"https:\/\/importadoracristinateran.com\/index.php?rest_route=\/wp\/v2\/product\/918","targetHints":{"allow":["GET"]}}],"collection":[{"href":"https:\/\/importadoracristinateran.com\/index.php?rest_route=\/wp\/v2\/product"}],"about":[{"href":"https:\/\/importadoracristinateran.com\/index.php?rest_route=\/wp\/v2\/types\/product"}],"replies":[{"embeddable":true,"href":"https:\/\/importadoracristinateran.com\/index.php?rest_route=%2Fwp%2Fv2%2Fcomments&post=918"}],"wp:featuredmedia":[{"embeddable":true,"href":"https:\/\/importadoracristinateran.com\/index.php?rest_route=\/wp\/v2\/media\/919"}],"wp:attachment":[{"href":"https:\/\/importadoracristinateran.com\/index.php?rest_route=%2Fwp%2Fv2%2Fmedia&parent=918"}],"wp:term":[{"taxonomy":"product_brand","embeddable":true,"href":"https:\/\/importadoracristinateran.com\/index.php?rest_route=%2Fwp%2Fv2%2Fproduct_brand&post=918"},{"taxonomy":"product_cat","embeddable":true,"href":"https:\/\/importadoracristinateran.com\/index.php?rest_route=%2Fwp%2Fv2%2Fproduct_cat&post=918"},{"taxonomy":"product_tag","embeddable":true,"href":"https:\/\/importadoracristinateran.com\/index.php?rest_route=%2Fwp%2Fv2%2Fproduct_tag&post=918"}],"curies":[{"name":"wp","href":"https:\/\/api.w.org\/{rel}","templated":true}]}}