{"id":921,"date":"2025-04-07T22:42:00","date_gmt":"2025-04-07T22:42:00","guid":{"rendered":"https:\/\/importadoracristinateran.com\/?post_type=product&#038;p=921"},"modified":"2025-05-10T00:49:30","modified_gmt":"2025-05-10T00:49:30","slug":"diclomic-25","status":"publish","type":"product","link":"https:\/\/importadoracristinateran.com\/?product=diclomic-25","title":{"rendered":"Diclomic 2,5 %"},"content":{"rendered":"<div class=\"elementor-element elementor-element-5e29f5d7 elementor-widget elementor-widget-woocommerce-product-title elementor-page-title elementor-widget-heading\" data-id=\"5e29f5d7\" data-element_type=\"widget\" data-widget_type=\"woocommerce-product-title.default\">\n<div class=\"elementor-widget-container\">\n<h5 class=\"product_title entry-title elementor-heading-title elementor-size-default\"><strong style=\"font-size: 1.5em;\">Antiinflamatorio, Analg\u00e9sico y Antipir\u00e9tico no esteroideo<\/strong><\/h5>\n<\/div>\n<\/div>\n<div class=\"elementor-element elementor-element-11bdfaca elementor-widget elementor-widget-woocommerce-product-short-description\" data-id=\"11bdfaca\" data-element_type=\"widget\" data-widget_type=\"woocommerce-product-short-description.default\">\n<div class=\"elementor-widget-container\">\n<div class=\"woocommerce-product-details__short-description\">\n<h3><strong>Soluci\u00f3n Inyectable<\/strong><\/h3>\n<p><strong>Composici\u00f3n:<\/strong><\/p>\n<p>Cada 100 ml contiene.<\/p>\n<p>Diclofenac s\u00f3dico 2,5 g<\/p>\n<p>Excipientes c.s.p. 100,0 ml<\/p>\n<p><strong>Indicaciones:<\/strong><\/p>\n<p>Antiinflamatorio, analg\u00e9sico y antipir\u00e9tico no esteroideo.<\/p>\n<p>Indicado para el tratamiento o la prevenci\u00f3n de procesos inflamatorios, dolorosos agudos y cr\u00f3nicos, como artritis, artrosis, osteoartritis, procesos osteoarticulares, musculoesquel\u00e9ticos, s\u00edndrome ci\u00e1tico; para la prevenci\u00f3n de inflamaciones postoperatorias, enfermedad articular degenerativa, shock endot\u00f3xico, etc.<\/p>\n<p><strong>\u00a0<\/strong><strong>Especies animales a las que se destina:<\/strong><\/p>\n<p>Equinos, bovinos, porcinos, caninos y felinos.<\/p>\n<p><strong>V\u00eda de administraci\u00f3n y dosificaci\u00f3n:<\/strong><\/p>\n<p>Parenteral, por v\u00eda intramuscular; en caso de urgencia, se recomienda la v\u00eda intravenosa.<\/p>\n<ul>\n<li>Seg\u00fan criterio del profesional actuante, dosis entre 0,4 a 1 ml del producto cada 10 kg de p.v. por d\u00eda (equivalente a 1 \u2013 2,5 mg\/ kg p.v. de Diclofenac), por 3 a 5 d\u00edas.<\/li>\n<\/ul>\n<\/div>\n<\/div>\n<\/div>\n","protected":false},"excerpt":{"rendered":"<div class=\"elementor-element elementor-element-5e29f5d7 elementor-widget elementor-widget-woocommerce-product-title elementor-page-title elementor-widget-heading\" data-id=\"5e29f5d7\" data-element_type=\"widget\" data-widget_type=\"woocommerce-product-title.default\">\n<div class=\"elementor-widget-container\">\n<h5 class=\"product_title entry-title elementor-heading-title elementor-size-default\"><strong style=\"font-size: 1.5em;\">Antiinflamatorio, Analg\u00e9sico y Antipir\u00e9tico no esteroideo<\/strong><\/h5>\n<\/div>\n<\/div>\n<div class=\"elementor-element elementor-element-11bdfaca elementor-widget elementor-widget-woocommerce-product-short-description\" data-id=\"11bdfaca\" data-element_type=\"widget\" data-widget_type=\"woocommerce-product-short-description.default\">\n<div class=\"elementor-widget-container\">\n<div class=\"woocommerce-product-details__short-description\">\n<h3><strong>Soluci\u00f3n Inyectable<\/strong><\/h3>\n<p><strong>Composici\u00f3n:<\/strong><\/p>\n<p>Cada 100 ml contiene.<\/p>\n<p>Diclofenac s\u00f3dico 2,5 g<\/p>\n<p>Excipientes c.s.p. 100,0 ml<\/p>\n<\/div>\n<\/div>\n<\/div>\n","protected":false},"featured_media":922,"comment_status":"open","ping_status":"closed","template":"","meta":{"_uag_custom_page_level_css":"","site-sidebar-layout":"default","site-content-layout":"","ast-site-content-layout":"default","site-content-style":"default","site-sidebar-style":"default","ast-global-header-display":"","ast-banner-title-visibility":"","ast-main-header-display":"","ast-hfb-above-header-display":"","ast-hfb-below-header-display":"","ast-hfb-mobile-header-display":"","site-post-title":"","ast-breadcrumbs-content":"","ast-featured-img":"","footer-sml-layout":"","theme-transparent-header-meta":"default","adv-header-id-meta":"","stick-header-meta":"","header-above-stick-meta":"","header-main-stick-meta":"","header-below-stick-meta":"","astra-migrate-meta-layouts":"set","ast-page-background-enabled":"default","ast-page-background-meta":{"desktop":{"background-color":"var(--ast-global-color-5)","background-image":"","background-repeat":"repeat","background-position":"center center","background-size":"auto","background-attachment":"scroll","background-type":"","background-media":"","overlay-type":"","overlay-color":"","overlay-opacity":"","overlay-gradient":""},"tablet":{"background-color":"","background-image":"","background-repeat":"repeat","background-position":"center center","background-size":"auto","background-attachment":"scroll","background-type":"","background-media":"","overlay-type":"","overlay-color":"","overlay-opacity":"","overlay-gradient":""},"mobile":{"background-color":"","background-image":"","background-repeat":"repeat","background-position":"center center","background-size":"auto","background-attachment":"scroll","background-type":"","background-media":"","overlay-type":"","overlay-color":"","overlay-opacity":"","overlay-gradient":""}},"ast-content-background-meta":{"desktop":{"background-color":"var(--ast-global-color-4)","background-image":"","background-repeat":"repeat","background-position":"center center","background-size":"auto","background-attachment":"scroll","background-type":"","background-media":"","overlay-type":"","overlay-color":"","overlay-opacity":"","overlay-gradient":""},"tablet":{"background-color":"var(--ast-global-color-4)","background-image":"","background-repeat":"repeat","background-position":"center center","background-size":"auto","background-attachment":"scroll","background-type":"","background-media":"","overlay-type":"","overlay-color":"","overlay-opacity":"","overlay-gradient":""},"mobile":{"background-color":"var(--ast-global-color-4)","background-image":"","background-repeat":"repeat","background-position":"center center","background-size":"auto","background-attachment":"scroll","background-type":"","background-media":"","overlay-type":"","overlay-color":"","overlay-opacity":"","overlay-gradient":""}},"_joinchat":[]},"product_brand":[],"product_cat":[58],"product_tag":[28],"class_list":{"0":"post-921","1":"product","2":"type-product","3":"status-publish","4":"has-post-thumbnail","6":"product_cat-labmicrosules","7":"product_tag-vacunas","8":"desktop-align-left","9":"tablet-align-left","10":"mobile-align-left","12":"first","13":"instock","14":"shipping-taxable","15":"product-type-external"},"aioseo_notices":[],"uagb_featured_image_src":{"full":["https:\/\/importadoracristinateran.com\/wp-content\/uploads\/2025\/04\/Diclomic_4afaf79b89271.jpg",700,700,false],"thumbnail":["https:\/\/importadoracristinateran.com\/wp-content\/uploads\/2025\/04\/Diclomic_4afaf79b89271-150x150.jpg",150,150,true],"medium":["https:\/\/importadoracristinateran.com\/wp-content\/uploads\/2025\/04\/Diclomic_4afaf79b89271-300x300.jpg",300,300,true],"medium_large":["https:\/\/importadoracristinateran.com\/wp-content\/uploads\/2025\/04\/Diclomic_4afaf79b89271.jpg",700,700,false],"large":["https:\/\/importadoracristinateran.com\/wp-content\/uploads\/2025\/04\/Diclomic_4afaf79b89271.jpg",700,700,false],"1536x1536":["https:\/\/importadoracristinateran.com\/wp-content\/uploads\/2025\/04\/Diclomic_4afaf79b89271.jpg",700,700,false],"2048x2048":["https:\/\/importadoracristinateran.com\/wp-content\/uploads\/2025\/04\/Diclomic_4afaf79b89271.jpg",700,700,false],"woocommerce_thumbnail":["https:\/\/importadoracristinateran.com\/wp-content\/uploads\/2025\/04\/Diclomic_4afaf79b89271-300x300.jpg",300,300,true],"woocommerce_single":["https:\/\/importadoracristinateran.com\/wp-content\/uploads\/2025\/04\/Diclomic_4afaf79b89271-600x600.jpg",600,600,true],"woocommerce_gallery_thumbnail":["https:\/\/importadoracristinateran.com\/wp-content\/uploads\/2025\/04\/Diclomic_4afaf79b89271-100x100.jpg",100,100,true],"dgwt-wcas-product-suggestion":["https:\/\/importadoracristinateran.com\/wp-content\/uploads\/2025\/04\/Diclomic_4afaf79b89271-64x64.jpg",64,64,true]},"uagb_author_info":{"display_name":"mcris.import@gmail.com","author_link":"https:\/\/importadoracristinateran.com\/?author=0"},"uagb_comment_info":0,"uagb_excerpt":"Antiinflamatorio, Analg\u00e9sico y Antipir\u00e9tico no esteroideo Soluci\u00f3n Inyectable Composici\u00f3n: Cada 100 ml contiene. Diclofenac s\u00f3dico 2,5 g Excipientes c.s.p. 100,0 ml","_links":{"self":[{"href":"https:\/\/importadoracristinateran.com\/index.php?rest_route=\/wp\/v2\/product\/921","targetHints":{"allow":["GET"]}}],"collection":[{"href":"https:\/\/importadoracristinateran.com\/index.php?rest_route=\/wp\/v2\/product"}],"about":[{"href":"https:\/\/importadoracristinateran.com\/index.php?rest_route=\/wp\/v2\/types\/product"}],"replies":[{"embeddable":true,"href":"https:\/\/importadoracristinateran.com\/index.php?rest_route=%2Fwp%2Fv2%2Fcomments&post=921"}],"wp:featuredmedia":[{"embeddable":true,"href":"https:\/\/importadoracristinateran.com\/index.php?rest_route=\/wp\/v2\/media\/922"}],"wp:attachment":[{"href":"https:\/\/importadoracristinateran.com\/index.php?rest_route=%2Fwp%2Fv2%2Fmedia&parent=921"}],"wp:term":[{"taxonomy":"product_brand","embeddable":true,"href":"https:\/\/importadoracristinateran.com\/index.php?rest_route=%2Fwp%2Fv2%2Fproduct_brand&post=921"},{"taxonomy":"product_cat","embeddable":true,"href":"https:\/\/importadoracristinateran.com\/index.php?rest_route=%2Fwp%2Fv2%2Fproduct_cat&post=921"},{"taxonomy":"product_tag","embeddable":true,"href":"https:\/\/importadoracristinateran.com\/index.php?rest_route=%2Fwp%2Fv2%2Fproduct_tag&post=921"}],"curies":[{"name":"wp","href":"https:\/\/api.w.org\/{rel}","templated":true}]}}