{"id":923,"date":"2025-04-07T22:47:38","date_gmt":"2025-04-07T22:47:38","guid":{"rendered":"https:\/\/importadoracristinateran.com\/?post_type=product&#038;p=923"},"modified":"2025-05-10T00:49:14","modified_gmt":"2025-05-10T00:49:14","slug":"lidomic-2","status":"publish","type":"product","link":"https:\/\/importadoracristinateran.com\/?product=lidomic-2","title":{"rendered":"Lidomic 2%"},"content":{"rendered":"<h3><strong>Anest\u00e9sico local, regional, epidural e infiltrativo<\/strong><\/h3>\n<h3><strong>Soluci\u00f3n inyectable<\/strong><\/h3>\n<p><strong>\u00a0<\/strong><strong>Composici\u00f3n:<\/strong><\/p>\n<p>Cada 100 ml contiene:<\/p>\n<p>Lidocaina 2,0 g<\/p>\n<p>Excipientes c.s.p. 100 ml<\/p>\n<p><strong>Indicaciones:<\/strong><\/p>\n<p>Anest\u00e9sico potente y efectivo, inyectable. Para provocar anestesia local, regional, o infiltrativa, inyect\u00e1ndolo en el lugar, regi\u00f3n o \u00e1rea en la que se desea lograr el efecto; para procedimientos localizados (heridas, suturas, castraciones, etc.), o regionales mediante administraci\u00f3n epidural o infiltrativa. Tambi\u00e9n se usa I\/V para el tratamiento de algunas arritmias card\u00edacas de origen ventricular, diagnosticadas y monitoreadas durante la administraci\u00f3n mediante ECG.<\/p>\n<p><strong>Especies animales a las que se destina:<\/strong><\/p>\n<p>Bovinos, ovinos, caprinos, equinos, porcinos, caninos y felinos.<\/p>\n<p><strong>V\u00eda de administraci\u00f3n:<\/strong><\/p>\n<p>Inyectable, en la\/s zona\/s o regi\u00f3n en la\/s que se desee lograr el efecto anest\u00e9sico.<\/p>\n<p><strong>Dosis:<\/strong><\/p>\n<p>Dosis: * 1 a 4 mg\/Kg. para anestesia local.<\/p>\n<p>La posolog\u00eda es a criterio del profesional actuante<\/p>\n<p>Para el tratamiento de arritmias de origen ventricular: en caninos 2 a 4 mg\/Kg. p.v. I\/V. como dosis inicial, luego por infusi\u00f3n constante de 20 a 80 \u00b5g\/Kg. por minuto, con monitoreo mediante ECG se determinar\u00e1 si es suficiente, o si se necesita utilizar otro tipo de antiarr\u00edtmico.<\/p>\n<p>En felinos 0,5 mg\/Kg. p.v. I\/V., (en \u00e9stos \u00faltimos la dosis equivale a la cuarta parte que la de los caninos, por ser los felinos mucho m\u00e1s susceptibles a los efectos de la droga).<\/p>\n<p><u>Posolog\u00edas orientativas<\/u><\/p>\n<p><u>Grandes animales:<\/u>\u00a0Epidural: de 5 a 60 ml, 5 ml para anestesia perineal en bovinos; bloqueo alto (femoral, tibial, etc.) de 10 a 30 ml en cada uno de los nervios para un animal adulto; bloqueo o anestesia distal (digital), ya sea para diagn\u00f3stico o procedimientos quir\u00fargicos, bloqueo en anillo, etc., de 2,5 a 10 ml acorde a la zona o lugar de administraci\u00f3n.<\/p>\n<p><u>Peque\u00f1os animales:<\/u>\u00a0Epidural: caninos 1 ml\/5 Kg. p.v.; bloqueo perineal 1 ml\/3 Kg. p.v. (para anestesia abdominal).<\/p>\n<p>Para infiltraciones diluir al 0,5 % (1 ml de Lidocaina al 2% en 3 ml de agua est\u00e9ril = 4 ml al 0,5%).<\/p>\n","protected":false},"excerpt":{"rendered":"<h3><strong>Anest\u00e9sico local, regional, epidural e infiltrativo<\/strong><\/h3>\n<h3><strong>Soluci\u00f3n inyectable<\/strong><\/h3>\n<p><strong>\u00a0<\/strong><strong>Composici\u00f3n:<\/strong><\/p>\n<p>Cada 100 ml contiene:<\/p>\n<p>Lidocaina 2,0 g<\/p>\n<p>Excipientes c.s.p. 100 ml<\/p>\n","protected":false},"featured_media":924,"comment_status":"open","ping_status":"closed","template":"","meta":{"_uag_custom_page_level_css":"","site-sidebar-layout":"default","site-content-layout":"","ast-site-content-layout":"default","site-content-style":"default","site-sidebar-style":"default","ast-global-header-display":"","ast-banner-title-visibility":"","ast-main-header-display":"","ast-hfb-above-header-display":"","ast-hfb-below-header-display":"","ast-hfb-mobile-header-display":"","site-post-title":"","ast-breadcrumbs-content":"","ast-featured-img":"","footer-sml-layout":"","theme-transparent-header-meta":"default","adv-header-id-meta":"","stick-header-meta":"","header-above-stick-meta":"","header-main-stick-meta":"","header-below-stick-meta":"","astra-migrate-meta-layouts":"set","ast-page-background-enabled":"default","ast-page-background-meta":{"desktop":{"background-color":"var(--ast-global-color-5)","background-image":"","background-repeat":"repeat","background-position":"center center","background-size":"auto","background-attachment":"scroll","background-type":"","background-media":"","overlay-type":"","overlay-color":"","overlay-opacity":"","overlay-gradient":""},"tablet":{"background-color":"","background-image":"","background-repeat":"repeat","background-position":"center center","background-size":"auto","background-attachment":"scroll","background-type":"","background-media":"","overlay-type":"","overlay-color":"","overlay-opacity":"","overlay-gradient":""},"mobile":{"background-color":"","background-image":"","background-repeat":"repeat","background-position":"center center","background-size":"auto","background-attachment":"scroll","background-type":"","background-media":"","overlay-type":"","overlay-color":"","overlay-opacity":"","overlay-gradient":""}},"ast-content-background-meta":{"desktop":{"background-color":"var(--ast-global-color-4)","background-image":"","background-repeat":"repeat","background-position":"center center","background-size":"auto","background-attachment":"scroll","background-type":"","background-media":"","overlay-type":"","overlay-color":"","overlay-opacity":"","overlay-gradient":""},"tablet":{"background-color":"var(--ast-global-color-4)","background-image":"","background-repeat":"repeat","background-position":"center center","background-size":"auto","background-attachment":"scroll","background-type":"","background-media":"","overlay-type":"","overlay-color":"","overlay-opacity":"","overlay-gradient":""},"mobile":{"background-color":"var(--ast-global-color-4)","background-image":"","background-repeat":"repeat","background-position":"center center","background-size":"auto","background-attachment":"scroll","background-type":"","background-media":"","overlay-type":"","overlay-color":"","overlay-opacity":"","overlay-gradient":""}},"_joinchat":[]},"product_brand":[],"product_cat":[58],"product_tag":[28],"class_list":{"0":"post-923","1":"product","2":"type-product","3":"status-publish","4":"has-post-thumbnail","6":"product_cat-labmicrosules","7":"product_tag-vacunas","8":"desktop-align-left","9":"tablet-align-left","10":"mobile-align-left","12":"first","13":"instock","14":"shipping-taxable","15":"product-type-external"},"aioseo_notices":[],"uagb_featured_image_src":{"full":["https:\/\/importadoracristinateran.com\/wp-content\/uploads\/2025\/04\/Lidomic__2___4ad4be110f6d3.jpg",700,700,false],"thumbnail":["https:\/\/importadoracristinateran.com\/wp-content\/uploads\/2025\/04\/Lidomic__2___4ad4be110f6d3-150x150.jpg",150,150,true],"medium":["https:\/\/importadoracristinateran.com\/wp-content\/uploads\/2025\/04\/Lidomic__2___4ad4be110f6d3-300x300.jpg",300,300,true],"medium_large":["https:\/\/importadoracristinateran.com\/wp-content\/uploads\/2025\/04\/Lidomic__2___4ad4be110f6d3.jpg",700,700,false],"large":["https:\/\/importadoracristinateran.com\/wp-content\/uploads\/2025\/04\/Lidomic__2___4ad4be110f6d3.jpg",700,700,false],"1536x1536":["https:\/\/importadoracristinateran.com\/wp-content\/uploads\/2025\/04\/Lidomic__2___4ad4be110f6d3.jpg",700,700,false],"2048x2048":["https:\/\/importadoracristinateran.com\/wp-content\/uploads\/2025\/04\/Lidomic__2___4ad4be110f6d3.jpg",700,700,false],"woocommerce_thumbnail":["https:\/\/importadoracristinateran.com\/wp-content\/uploads\/2025\/04\/Lidomic__2___4ad4be110f6d3-300x300.jpg",300,300,true],"woocommerce_single":["https:\/\/importadoracristinateran.com\/wp-content\/uploads\/2025\/04\/Lidomic__2___4ad4be110f6d3-600x600.jpg",600,600,true],"woocommerce_gallery_thumbnail":["https:\/\/importadoracristinateran.com\/wp-content\/uploads\/2025\/04\/Lidomic__2___4ad4be110f6d3-100x100.jpg",100,100,true],"dgwt-wcas-product-suggestion":["https:\/\/importadoracristinateran.com\/wp-content\/uploads\/2025\/04\/Lidomic__2___4ad4be110f6d3-64x64.jpg",64,64,true]},"uagb_author_info":{"display_name":"mcris.import@gmail.com","author_link":"https:\/\/importadoracristinateran.com\/?author=0"},"uagb_comment_info":0,"uagb_excerpt":"Anest\u00e9sico local, regional, epidural e infiltrativo Soluci\u00f3n inyectable \u00a0Composici\u00f3n: Cada 100 ml contiene: Lidocaina 2,0 g Excipientes c.s.p. 100 ml","_links":{"self":[{"href":"https:\/\/importadoracristinateran.com\/index.php?rest_route=\/wp\/v2\/product\/923","targetHints":{"allow":["GET"]}}],"collection":[{"href":"https:\/\/importadoracristinateran.com\/index.php?rest_route=\/wp\/v2\/product"}],"about":[{"href":"https:\/\/importadoracristinateran.com\/index.php?rest_route=\/wp\/v2\/types\/product"}],"replies":[{"embeddable":true,"href":"https:\/\/importadoracristinateran.com\/index.php?rest_route=%2Fwp%2Fv2%2Fcomments&post=923"}],"wp:featuredmedia":[{"embeddable":true,"href":"https:\/\/importadoracristinateran.com\/index.php?rest_route=\/wp\/v2\/media\/924"}],"wp:attachment":[{"href":"https:\/\/importadoracristinateran.com\/index.php?rest_route=%2Fwp%2Fv2%2Fmedia&parent=923"}],"wp:term":[{"taxonomy":"product_brand","embeddable":true,"href":"https:\/\/importadoracristinateran.com\/index.php?rest_route=%2Fwp%2Fv2%2Fproduct_brand&post=923"},{"taxonomy":"product_cat","embeddable":true,"href":"https:\/\/importadoracristinateran.com\/index.php?rest_route=%2Fwp%2Fv2%2Fproduct_cat&post=923"},{"taxonomy":"product_tag","embeddable":true,"href":"https:\/\/importadoracristinateran.com\/index.php?rest_route=%2Fwp%2Fv2%2Fproduct_tag&post=923"}],"curies":[{"name":"wp","href":"https:\/\/api.w.org\/{rel}","templated":true}]}}