{"id":928,"date":"2025-04-07T23:10:54","date_gmt":"2025-04-07T23:10:54","guid":{"rendered":"https:\/\/importadoracristinateran.com\/?post_type=product&#038;p=928"},"modified":"2025-05-06T16:48:35","modified_gmt":"2025-05-06T16:48:35","slug":"vermic-total","status":"publish","type":"product","link":"https:\/\/importadoracristinateran.com\/?product=vermic-total","title":{"rendered":"Vermic Total"},"content":{"rendered":"<div class=\"elementor-element elementor-element-5e29f5d7 elementor-widget elementor-widget-woocommerce-product-title elementor-page-title elementor-widget-heading\" data-id=\"5e29f5d7\" data-element_type=\"widget\" data-widget_type=\"woocommerce-product-title.default\">\n<div class=\"elementor-widget-container\">\n<h1 class=\"product_title entry-title elementor-heading-title elementor-size-default\"><\/h1>\n<\/div>\n<\/div>\n<div class=\"elementor-element elementor-element-11bdfaca elementor-widget elementor-widget-woocommerce-product-short-description\" data-id=\"11bdfaca\" data-element_type=\"widget\" data-widget_type=\"woocommerce-product-short-description.default\">\n<div class=\"elementor-widget-container\">\n<div class=\"woocommerce-product-details__short-description\">\n<h3>Verm\u00edfugo de Uso Veterinario<\/h3>\n<h3>Para caninos y felinos, adultos y cachorros<\/h3>\n<p><u>\u00a0<\/u><\/p>\n<p><strong>Composici\u00f3n:<\/strong><\/p>\n<p>Praziquantel 50,00 mg<\/p>\n<p>Pirantel pamoato 144,00 mg<\/p>\n<p>Febantel 150,00 mg<\/p>\n<p>Excipientes c.s.p. 1 comprimido<\/p>\n<p><strong>Indicaciones:<\/strong><\/p>\n<p>Endoparasiticida de amplio espectro para caninos y felinos, adultos y cachorros con actividad contra las formas maduras e inmaduras de los nematodes y cestodes en perros y gatos.<\/p>\n<p><strong>Especies animales a las que se destina:<\/strong><\/p>\n<p>Caninos y Felinos, adultos y cachorros<\/p>\n<p><strong>V\u00eda de administraci\u00f3n:<\/strong><\/p>\n<p>Tabletas de administraci\u00f3n oral.<\/p>\n<p>Administrar la (s) tableta (s) en una sola toma.<\/p>\n<p>VERMIC TOTAL puede administrarse directamente dentro de un trozo de carne u otro alimento, o triturado con la comida.<\/p>\n<p><strong>Dosificaci\u00f3n:<\/strong><\/p>\n<ul>\n<li>1 tableta para cada 10 kilos de peso corporal.<\/li>\n<\/ul>\n<p>Recomendamos la administraci\u00f3n de VERMIC TOTAL, en las dosis abajo descriptas. Para los adultos el tratamiento debe repetirse cada 3 meses. Para las hembras antes de ser cubiertas y 10 d\u00edas antes del parto, con la intenci\u00f3n de disminuir la infestaci\u00f3n de los cachorros. Los cachorros deben ser tratados con 15 d\u00edas, 1\u00ba, 2\u00ba, 3\u00ba, 4\u00ba, 5\u00ba y 6\u00ba mes de edad. Recuerde que la vermifugaci\u00f3n de los mismos es fundamental para su desarrollo f\u00edsico e inmunol\u00f3gico.<\/p>\n<p>&nbsp;<\/p>\n<p>Una \u00fanica dosis por tratamiento se recomienda, de acuerdo a la tabla abajo:<\/p>\n<p>&nbsp;<\/p>\n<p>Animal\u00a0\u00a0\u00a0\u00a0\u00a0 Tama\u00f1o-Raza\u00a0\u00a0\u00a0\u00a0\u00a0\u00a0\u00a0\u00a0\u00a0\u00a0\u00a0\u00a0\u00a0\u00a0\u00a0\u00a0\u00a0\u00a0\u00a0\u00a0\u00a0\u00a0\u00a0\u00a0\u00a0\u00a0\u00a0\u00a0\u00a0\u00a0\u00a0\u00a0\u00a0\u00a0\u00a0\u00a0\u00a0\u00a0\u00a0 Peso del animal\u00a0\u00a0\u00a0\u00a0\u00a0\u00a0\u00a0\u00a0\u00a0\u00a0\u00a0\u00a0\u00a0\u00a0\u00a0\u00a0\u00a0\u00a0\u00a0\u00a0\u00a0\u00a0\u00a0\u00a0\u00a0\u00a0\u00a0\u00a0\u00a0\u00a0\u00a0\u00a0\u00a0\u00a0 \u00a0\u00a0 Dosis \u00fanica _________________________________________________________________<\/p>\n<p>Gato\u00a0\u00a0\u00a0\u00a0\u00a0\u00a0\u00a0\u00a0\u00a0\u00a0\u00a0\u00a0\u00a0\u00a0\u00a0\u00a0\u00a0\u00a0\u00a0\u00a0\u00a0\u00a0\u00a0\u00a0\u00a0\u00a0\u00a0\u00a0 \u2013\u00a0\u00a0\u00a0\u00a0\u00a0\u00a0\u00a0\u00a0\u00a0\u00a0\u00a0\u00a0\u00a0\u00a0\u00a0\u00a0\u00a0\u00a0\u00a0\u00a0\u00a0\u00a0\u00a0\u00a0\u00a0\u00a0\u00a0\u00a0\u00a0\u00a0\u00a0\u00a0\u00a0\u00a0\u00a0\u00a0\u00a0\u00a0\u00a0\u00a0\u00a0\u00a0\u00a0\u00a0\u00a0\u00a0\u00a0\u00a0\u00a0\u00a0\u00a0\u00a0 hasta 5 kg\u00a0\u00a0\u00a0\u00a0\u00a0\u00a0\u00a0\u00a0\u00a0\u00a0\u00a0\u00a0\u00a0\u00a0\u00a0\u00a0\u00a0\u00a0\u00a0\u00a0\u00a0\u00a0\u00a0\u00a0\u00a0\u00a0\u00a0\u00a0\u00a0\u00a0 1 comprimido<\/p>\n<p>________________________________________________________________<\/p>\n<p>Perro\u00a0\u00a0\u00a0\u00a0\u00a0\u00a0\u00a0\u00a0 Enano-ej. Pequin\u00e9s\u00a0\u00a0\u00a0\u00a0\u00a0\u00a0\u00a0\u00a0 \u00a0\u00a0\u00a0\u00a0\u00a0\u00a0\u00a0\u00a0\u00a0\u00a0\u00a0\u00a0\u00a0\u00a0\u00a0\u00a0\u00a0 hasta 5 kg\u00a0\u00a0\u00a0\u00a0\u00a0\u00a0\u00a0\u00a0\u00a0\u00a0\u00a0\u00a0\u00a0\u00a0\u00a0\u00a0\u00a0\u00a0\u00a0\u00a0\u00a0\u00a0\u00a0\u00a0\u00a0\u00a0\u00a0\u00a0\u00a0\u00a0 \u00bd comprimido<\/p>\n<p>________________________________________________________________<\/p>\n<p>Perro\u00a0\u00a0\u00a0\u00a0\u00a0\u00a0\u00a0\u00a0 Chico-ej. Beagle\u00a0\u00a0\u00a0\u00a0\u00a0\u00a0\u00a0\u00a0\u00a0\u00a0\u00a0\u00a0\u00a0\u00a0\u00a0\u00a0\u00a0\u00a0\u00a0\u00a0\u00a0\u00a0\u00a0\u00a0\u00a0\u00a0\u00a0\u00a0\u00a0\u00a0\u00a0\u00a0\u00a0\u00a0 \u00a0\u00a0\u00a0\u00a0\u00a0\u00a0\u00a0\u00a0\u00a0\u00a0\u00a0\u00a0\u00a0\u00a0\u00a0\u00a0\u00a0 5,1 kg \u2013 10 kg\u00a0\u00a0\u00a0\u00a0\u00a0\u00a0\u00a0\u00a0\u00a0\u00a0\u00a0\u00a0\u00a0\u00a0\u00a0\u00a0\u00a0\u00a0\u00a0\u00a0\u00a0\u00a0\u00a0\u00a0 1 comprimido<\/p>\n<p>________________________________________________________________<\/p>\n<p>Perro\u00a0\u00a0\u00a0\u00a0\u00a0\u00a0\u00a0\u00a0 Mediano-ej. D\u00e1lmata\u00a0\u00a0\u00a0\u00a0\u00a0\u00a0\u00a0\u00a0\u00a0\u00a0\u00a0\u00a0\u00a0\u00a0\u00a0\u00a0\u00a0\u00a0\u00a0\u00a0\u00a0 10,1 \u2013 20 kg\u00a0\u00a0\u00a0\u00a0\u00a0\u00a0\u00a0\u00a0\u00a0 \u00a0\u00a0\u00a0\u00a0\u00a0\u00a0\u00a0\u00a0 \u00a0\u00a0\u00a0\u00a0\u00a02 comprimidos<\/p>\n<p>________________________________________________________________<\/p>\n<p>Perro\u00a0\u00a0\u00a0\u00a0\u00a0\u00a0\u00a0\u00a0 Grande-ej. Pastor\u00a0\u00a0\u00a0\u00a0\u00a0\u00a0\u00a0\u00a0\u00a0\u00a0\u00a0\u00a0\u00a0\u00a0\u00a0\u00a0\u00a0\u00a0\u00a0\u00a0\u00a0\u00a0\u00a0\u00a0\u00a0\u00a0\u00a0\u00a0\u00a0\u00a0 20,1 \u2013 30 kg\u00a0\u00a0\u00a0\u00a0\u00a0\u00a0\u00a0\u00a0\u00a0 \u00a0\u00a0\u00a0\u00a0\u00a0\u00a0\u00a0\u00a0 \u00a0\u00a0\u00a0\u00a0\u00a0\u00a0\u00a03 comprimidos<\/p>\n<p>_________________________________________________________________<\/p>\n<p>Perro\u00a0\u00a0\u00a0\u00a0\u00a0\u00a0\u00a0\u00a0 Gigante-ej. Fila Brasile\u00f1o\u00a0\u00a0\u00a0\u00a0\u00a0\u00a0\u00a0\u00a0\u00a0\u00a0\u00a0\u00a0 30,1 \u2013 40 kg\u00a0\u00a0\u00a0\u00a0\u00a0\u00a0\u00a0\u00a0\u00a0 \u00a0\u00a0\u00a0\u00a0\u00a0\u00a0 \u00a0\u00a0\u00a0\u00a0\u00a0\u00a0\u00a04 comprimidos<\/p>\n<p>&nbsp;<\/p>\n<p>Para perros mayores administrar 1 comprimido de VERMIC TOTAL para cada 10 kg de peso vivo.<\/p>\n<p>De acuerdo al tipo y al grado de infestaci\u00f3n la posolog\u00eda puede ser modificada a criterio del m\u00e9dico veterinario.<\/p>\n<p>En infestaciones por vermes diagnosticada, siempre debe realizarse una desparasitaci\u00f3n inmediata y en lo posible un tratamiento de repetici\u00f3n a las tres semanas.<\/p>\n<p>VERMIC TOTAL es muy bien tolerado.<\/p>\n<p>No es necesario tomar medidas diet\u00e9ticas, ni suprimir la raci\u00f3n a los animales.<\/p>\n<p><strong>Precauciones:<\/strong><\/p>\n<p>Dipylidium caninum tiene como hu\u00e9sped intermediario las pulgas y de esta forma se aconseja que sean combatidas.<\/p>\n<p>El control de las verminosis depende de la vermifugaci\u00f3n, as\u00ed como del lavado y desinfecci\u00f3n de los ambientes de crianza.<\/p>\n<p><strong>\u00a0<\/strong>Hasta que no se hayan realizado estudios en perras durante la pre\u00f1ez temprana, VERMIC TOTAL no debe ser utilizado durante los dos primeros tercios de la pre\u00f1ez.<\/p>\n<p>No exceda la dosis recomendada al tratar las perras pre\u00f1adas.<\/p>\n<p>No use simult\u00e1neamente con los compuestos del piperazine.<\/p>\n<p>Consulte a un Veterinario antes de tratar las perras embarazadas para las lombrices intestinales.<\/p>\n<p><u>Limitaci\u00f3n de uso:<\/u><\/p>\n<p>El producto no debe usarse conjuntamente con otros verm\u00edfugos con propiedades colin\u00e9rgicas, tales como el levamisol, pues puede producirse una potenciaci\u00f3n muy acentuada de esta actividad producida por el Pamoato de Pirantel.<\/p>\n<\/div>\n<\/div>\n<\/div>\n","protected":false},"excerpt":{"rendered":"<h3>Verm\u00edfugo de Uso Veterinario<\/h3>\n<h3>Para caninos y felinos, adultos y cachorros<\/h3>\n<p><u>\u00a0<\/u><\/p>\n<p><strong>Composici\u00f3n:<\/strong><\/p>\n<p>Praziquantel 50,00 mg<\/p>\n<p>Pirantel pamoato 144,00 mg<\/p>\n<p>Febantel 150,00 mg<\/p>\n<p>Excipientes c.s.p. 1 comprimido<\/p>\n","protected":false},"featured_media":929,"comment_status":"open","ping_status":"closed","template":"","meta":{"_uag_custom_page_level_css":"","site-sidebar-layout":"default","site-content-layout":"","ast-site-content-layout":"default","site-content-style":"default","site-sidebar-style":"default","ast-global-header-display":"","ast-banner-title-visibility":"","ast-main-header-display":"","ast-hfb-above-header-display":"","ast-hfb-below-header-display":"","ast-hfb-mobile-header-display":"","site-post-title":"","ast-breadcrumbs-content":"","ast-featured-img":"","footer-sml-layout":"","theme-transparent-header-meta":"default","adv-header-id-meta":"","stick-header-meta":"","header-above-stick-meta":"","header-main-stick-meta":"","header-below-stick-meta":"","astra-migrate-meta-layouts":"set","ast-page-background-enabled":"default","ast-page-background-meta":{"desktop":{"background-color":"var(--ast-global-color-5)","background-image":"","background-repeat":"repeat","background-position":"center center","background-size":"auto","background-attachment":"scroll","background-type":"","background-media":"","overlay-type":"","overlay-color":"","overlay-opacity":"","overlay-gradient":""},"tablet":{"background-color":"","background-image":"","background-repeat":"repeat","background-position":"center center","background-size":"auto","background-attachment":"scroll","background-type":"","background-media":"","overlay-type":"","overlay-color":"","overlay-opacity":"","overlay-gradient":""},"mobile":{"background-color":"","background-image":"","background-repeat":"repeat","background-position":"center center","background-size":"auto","background-attachment":"scroll","background-type":"","background-media":"","overlay-type":"","overlay-color":"","overlay-opacity":"","overlay-gradient":""}},"ast-content-background-meta":{"desktop":{"background-color":"var(--ast-global-color-4)","background-image":"","background-repeat":"repeat","background-position":"center center","background-size":"auto","background-attachment":"scroll","background-type":"","background-media":"","overlay-type":"","overlay-color":"","overlay-opacity":"","overlay-gradient":""},"tablet":{"background-color":"var(--ast-global-color-4)","background-image":"","background-repeat":"repeat","background-position":"center center","background-size":"auto","background-attachment":"scroll","background-type":"","background-media":"","overlay-type":"","overlay-color":"","overlay-opacity":"","overlay-gradient":""},"mobile":{"background-color":"var(--ast-global-color-4)","background-image":"","background-repeat":"repeat","background-position":"center center","background-size":"auto","background-attachment":"scroll","background-type":"","background-media":"","overlay-type":"","overlay-color":"","overlay-opacity":"","overlay-gradient":""}},"_joinchat":[]},"product_brand":[],"product_cat":[58],"product_tag":[95],"class_list":{"0":"post-928","1":"product","2":"type-product","3":"status-publish","4":"has-post-thumbnail","6":"product_cat-labmicrosules","7":"product_tag-comprimidos","8":"desktop-align-left","9":"tablet-align-left","10":"mobile-align-left","12":"first","13":"instock","14":"shipping-taxable","15":"product-type-external"},"aioseo_notices":[],"uagb_featured_image_src":{"full":["https:\/\/importadoracristinateran.com\/wp-content\/uploads\/2025\/04\/Vermic_Total_4ad4c459403ea.jpg",700,700,false],"thumbnail":["https:\/\/importadoracristinateran.com\/wp-content\/uploads\/2025\/04\/Vermic_Total_4ad4c459403ea-150x150.jpg",150,150,true],"medium":["https:\/\/importadoracristinateran.com\/wp-content\/uploads\/2025\/04\/Vermic_Total_4ad4c459403ea-300x300.jpg",300,300,true],"medium_large":["https:\/\/importadoracristinateran.com\/wp-content\/uploads\/2025\/04\/Vermic_Total_4ad4c459403ea.jpg",700,700,false],"large":["https:\/\/importadoracristinateran.com\/wp-content\/uploads\/2025\/04\/Vermic_Total_4ad4c459403ea.jpg",700,700,false],"1536x1536":["https:\/\/importadoracristinateran.com\/wp-content\/uploads\/2025\/04\/Vermic_Total_4ad4c459403ea.jpg",700,700,false],"2048x2048":["https:\/\/importadoracristinateran.com\/wp-content\/uploads\/2025\/04\/Vermic_Total_4ad4c459403ea.jpg",700,700,false],"woocommerce_thumbnail":["https:\/\/importadoracristinateran.com\/wp-content\/uploads\/2025\/04\/Vermic_Total_4ad4c459403ea-300x300.jpg",300,300,true],"woocommerce_single":["https:\/\/importadoracristinateran.com\/wp-content\/uploads\/2025\/04\/Vermic_Total_4ad4c459403ea-600x600.jpg",600,600,true],"woocommerce_gallery_thumbnail":["https:\/\/importadoracristinateran.com\/wp-content\/uploads\/2025\/04\/Vermic_Total_4ad4c459403ea-100x100.jpg",100,100,true],"dgwt-wcas-product-suggestion":["https:\/\/importadoracristinateran.com\/wp-content\/uploads\/2025\/04\/Vermic_Total_4ad4c459403ea-64x64.jpg",64,64,true]},"uagb_author_info":{"display_name":"mcris.import@gmail.com","author_link":"https:\/\/importadoracristinateran.com\/?author=0"},"uagb_comment_info":0,"uagb_excerpt":"Verm\u00edfugo de Uso Veterinario Para caninos y felinos, adultos y cachorros \u00a0 Composici\u00f3n: Praziquantel 50,00 mg Pirantel pamoato 144,00 mg Febantel 150,00 mg Excipientes c.s.p. 1 comprimido","_links":{"self":[{"href":"https:\/\/importadoracristinateran.com\/index.php?rest_route=\/wp\/v2\/product\/928","targetHints":{"allow":["GET"]}}],"collection":[{"href":"https:\/\/importadoracristinateran.com\/index.php?rest_route=\/wp\/v2\/product"}],"about":[{"href":"https:\/\/importadoracristinateran.com\/index.php?rest_route=\/wp\/v2\/types\/product"}],"replies":[{"embeddable":true,"href":"https:\/\/importadoracristinateran.com\/index.php?rest_route=%2Fwp%2Fv2%2Fcomments&post=928"}],"wp:featuredmedia":[{"embeddable":true,"href":"https:\/\/importadoracristinateran.com\/index.php?rest_route=\/wp\/v2\/media\/929"}],"wp:attachment":[{"href":"https:\/\/importadoracristinateran.com\/index.php?rest_route=%2Fwp%2Fv2%2Fmedia&parent=928"}],"wp:term":[{"taxonomy":"product_brand","embeddable":true,"href":"https:\/\/importadoracristinateran.com\/index.php?rest_route=%2Fwp%2Fv2%2Fproduct_brand&post=928"},{"taxonomy":"product_cat","embeddable":true,"href":"https:\/\/importadoracristinateran.com\/index.php?rest_route=%2Fwp%2Fv2%2Fproduct_cat&post=928"},{"taxonomy":"product_tag","embeddable":true,"href":"https:\/\/importadoracristinateran.com\/index.php?rest_route=%2Fwp%2Fv2%2Fproduct_tag&post=928"}],"curies":[{"name":"wp","href":"https:\/\/api.w.org\/{rel}","templated":true}]}}