{"id":934,"date":"2025-04-07T23:40:19","date_gmt":"2025-04-07T23:40:19","guid":{"rendered":"https:\/\/importadoracristinateran.com\/?post_type=product&#038;p=934"},"modified":"2025-05-09T23:26:40","modified_gmt":"2025-05-09T23:26:40","slug":"shooter-plus-aerosol","status":"publish","type":"product","link":"https:\/\/importadoracristinateran.com\/?product=shooter-plus-aerosol","title":{"rendered":"Shooter Plus Aeorsol"},"content":{"rendered":"<h3><strong>Ectoparasiticida de uso externo para caninos y felinos<\/strong><\/h3>\n<p><strong>\u00a0<\/strong><\/p>\n<p><strong>Composici\u00f3n:<\/strong><\/p>\n<p>Cada 100 mL de concentrado contiene:<\/p>\n<p>Fipronil 0,25 g<\/p>\n<p>Limoneno 0,20 g<\/p>\n<p>Mentol 0,10 g<\/p>\n<p>Alcanfor 0,25 g<\/p>\n<p>Extracto de Chamomilla 3,00 g<\/p>\n<p>Alcohol et\u00edlico c.s.p. 100 mL<\/p>\n<p><strong>Indicaciones:<\/strong><\/p>\n<p>Ectoparasiticida de uso externo para caninos y felinos.<\/p>\n<p><strong>Especies animales a las que se destina:<\/strong><\/p>\n<p>Caninos y Felinos.<\/p>\n<p><strong>V\u00eda de administraci\u00f3n:<\/strong><\/p>\n<p>Uso externo, por pulverizaci\u00f3n. Agite bien el envase antes de aplicar. Mantenga la v\u00e1lvula siempre hacia arriba, no invierta el envase al aplicar el producto.<\/p>\n<p>Aplique manteniendo una distancia de 15 a 20 cm. entre la v\u00e1lvula de descarga del envase y la piel del animal, a contrapelo hasta humectar bien la piel y el manto de pelos. En caso de aplicarse a hembras con cr\u00edas o a los cachorros, evitar el contacto entre madre e hijos hasta que est\u00e9n completamente secos a fin de evitar la ingesti\u00f3n del producto.<\/p>\n<p><strong>Dosificaci\u00f3n:<\/strong><\/p>\n<ul>\n<li>7,5 a 15 mg\/kg de peso vivo.<\/li>\n<\/ul>\n<p>Eficaz contra: las pulgas con un per\u00edodo de actividad promedio de 2 meses (entre 1 y 3 meses); y garrapatas durante 1 mes (entre 3 y 5 semanas).<\/p>\n","protected":false},"excerpt":{"rendered":"<h3><strong>Ectoparasiticida de uso externo para caninos y felinos<\/strong><\/h3>\n<p><strong>\u00a0<\/strong><\/p>\n<p><strong>Composici\u00f3n:<\/strong><\/p>\n<p>Cada 100 mL de concentrado contiene:<\/p>\n<p>Fipronil 0,25 g<\/p>\n<p>Limoneno 0,20 g<\/p>\n<p>Mentol 0,10 g<\/p>\n<p>Alcanfor 0,25 g<\/p>\n<p>Extracto de Chamomilla 3,00 g<\/p>\n<p>Alcohol et\u00edlico c.s.p. 100 mL<\/p>\n","protected":false},"featured_media":935,"comment_status":"open","ping_status":"closed","template":"","meta":{"_uag_custom_page_level_css":"","site-sidebar-layout":"default","site-content-layout":"","ast-site-content-layout":"default","site-content-style":"default","site-sidebar-style":"default","ast-global-header-display":"","ast-banner-title-visibility":"","ast-main-header-display":"","ast-hfb-above-header-display":"","ast-hfb-below-header-display":"","ast-hfb-mobile-header-display":"","site-post-title":"","ast-breadcrumbs-content":"","ast-featured-img":"","footer-sml-layout":"","theme-transparent-header-meta":"default","adv-header-id-meta":"","stick-header-meta":"","header-above-stick-meta":"","header-main-stick-meta":"","header-below-stick-meta":"","astra-migrate-meta-layouts":"set","ast-page-background-enabled":"default","ast-page-background-meta":{"desktop":{"background-color":"var(--ast-global-color-5)","background-image":"","background-repeat":"repeat","background-position":"center center","background-size":"auto","background-attachment":"scroll","background-type":"","background-media":"","overlay-type":"","overlay-color":"","overlay-opacity":"","overlay-gradient":""},"tablet":{"background-color":"","background-image":"","background-repeat":"repeat","background-position":"center center","background-size":"auto","background-attachment":"scroll","background-type":"","background-media":"","overlay-type":"","overlay-color":"","overlay-opacity":"","overlay-gradient":""},"mobile":{"background-color":"","background-image":"","background-repeat":"repeat","background-position":"center center","background-size":"auto","background-attachment":"scroll","background-type":"","background-media":"","overlay-type":"","overlay-color":"","overlay-opacity":"","overlay-gradient":""}},"ast-content-background-meta":{"desktop":{"background-color":"var(--ast-global-color-4)","background-image":"","background-repeat":"repeat","background-position":"center center","background-size":"auto","background-attachment":"scroll","background-type":"","background-media":"","overlay-type":"","overlay-color":"","overlay-opacity":"","overlay-gradient":""},"tablet":{"background-color":"var(--ast-global-color-4)","background-image":"","background-repeat":"repeat","background-position":"center center","background-size":"auto","background-attachment":"scroll","background-type":"","background-media":"","overlay-type":"","overlay-color":"","overlay-opacity":"","overlay-gradient":""},"mobile":{"background-color":"var(--ast-global-color-4)","background-image":"","background-repeat":"repeat","background-position":"center center","background-size":"auto","background-attachment":"scroll","background-type":"","background-media":"","overlay-type":"","overlay-color":"","overlay-opacity":"","overlay-gradient":""}},"_joinchat":[]},"product_brand":[],"product_cat":[58],"product_tag":[],"class_list":{"0":"post-934","1":"product","2":"type-product","3":"status-publish","4":"has-post-thumbnail","6":"product_cat-labmicrosules","7":"desktop-align-left","8":"tablet-align-left","9":"mobile-align-left","11":"first","12":"instock","13":"shipping-taxable","14":"product-type-external"},"aioseo_notices":[],"uagb_featured_image_src":{"full":["https:\/\/importadoracristinateran.com\/wp-content\/uploads\/2025\/04\/Shooter_Plus_4a8c943c3ec70.jpg",500,700,false],"thumbnail":["https:\/\/importadoracristinateran.com\/wp-content\/uploads\/2025\/04\/Shooter_Plus_4a8c943c3ec70-150x150.jpg",150,150,true],"medium":["https:\/\/importadoracristinateran.com\/wp-content\/uploads\/2025\/04\/Shooter_Plus_4a8c943c3ec70-214x300.jpg",214,300,true],"medium_large":["https:\/\/importadoracristinateran.com\/wp-content\/uploads\/2025\/04\/Shooter_Plus_4a8c943c3ec70.jpg",500,700,false],"large":["https:\/\/importadoracristinateran.com\/wp-content\/uploads\/2025\/04\/Shooter_Plus_4a8c943c3ec70.jpg",500,700,false],"1536x1536":["https:\/\/importadoracristinateran.com\/wp-content\/uploads\/2025\/04\/Shooter_Plus_4a8c943c3ec70.jpg",500,700,false],"2048x2048":["https:\/\/importadoracristinateran.com\/wp-content\/uploads\/2025\/04\/Shooter_Plus_4a8c943c3ec70.jpg",500,700,false],"woocommerce_thumbnail":["https:\/\/importadoracristinateran.com\/wp-content\/uploads\/2025\/04\/Shooter_Plus_4a8c943c3ec70-300x300.jpg",300,300,true],"woocommerce_single":["https:\/\/importadoracristinateran.com\/wp-content\/uploads\/2025\/04\/Shooter_Plus_4a8c943c3ec70.jpg",500,700,false],"woocommerce_gallery_thumbnail":["https:\/\/importadoracristinateran.com\/wp-content\/uploads\/2025\/04\/Shooter_Plus_4a8c943c3ec70-100x100.jpg",100,100,true],"dgwt-wcas-product-suggestion":["https:\/\/importadoracristinateran.com\/wp-content\/uploads\/2025\/04\/Shooter_Plus_4a8c943c3ec70-64x90.jpg",64,90,true]},"uagb_author_info":{"display_name":"mcris.import@gmail.com","author_link":"https:\/\/importadoracristinateran.com\/?author=0"},"uagb_comment_info":0,"uagb_excerpt":"Ectoparasiticida de uso externo para caninos y felinos \u00a0 Composici\u00f3n: Cada 100 mL de concentrado contiene: Fipronil 0,25 g Limoneno 0,20 g Mentol 0,10 g Alcanfor 0,25 g Extracto de Chamomilla 3,00 g Alcohol et\u00edlico c.s.p. 100 mL","_links":{"self":[{"href":"https:\/\/importadoracristinateran.com\/index.php?rest_route=\/wp\/v2\/product\/934","targetHints":{"allow":["GET"]}}],"collection":[{"href":"https:\/\/importadoracristinateran.com\/index.php?rest_route=\/wp\/v2\/product"}],"about":[{"href":"https:\/\/importadoracristinateran.com\/index.php?rest_route=\/wp\/v2\/types\/product"}],"replies":[{"embeddable":true,"href":"https:\/\/importadoracristinateran.com\/index.php?rest_route=%2Fwp%2Fv2%2Fcomments&post=934"}],"wp:featuredmedia":[{"embeddable":true,"href":"https:\/\/importadoracristinateran.com\/index.php?rest_route=\/wp\/v2\/media\/935"}],"wp:attachment":[{"href":"https:\/\/importadoracristinateran.com\/index.php?rest_route=%2Fwp%2Fv2%2Fmedia&parent=934"}],"wp:term":[{"taxonomy":"product_brand","embeddable":true,"href":"https:\/\/importadoracristinateran.com\/index.php?rest_route=%2Fwp%2Fv2%2Fproduct_brand&post=934"},{"taxonomy":"product_cat","embeddable":true,"href":"https:\/\/importadoracristinateran.com\/index.php?rest_route=%2Fwp%2Fv2%2Fproduct_cat&post=934"},{"taxonomy":"product_tag","embeddable":true,"href":"https:\/\/importadoracristinateran.com\/index.php?rest_route=%2Fwp%2Fv2%2Fproduct_tag&post=934"}],"curies":[{"name":"wp","href":"https:\/\/api.w.org\/{rel}","templated":true}]}}