{"id":939,"date":"2025-04-07T23:58:03","date_gmt":"2025-04-07T23:58:03","guid":{"rendered":"https:\/\/importadoracristinateran.com\/?post_type=product&#038;p=939"},"modified":"2025-05-10T00:10:29","modified_gmt":"2025-05-10T00:10:29","slug":"shooter-forte-spot-on-caninos","status":"publish","type":"product","link":"https:\/\/importadoracristinateran.com\/?product=shooter-forte-spot-on-caninos","title":{"rendered":"Shooter Forte Spot \u2013 on, caninos"},"content":{"rendered":"<p><strong>Composici\u00f3n:<\/strong><\/p>\n<p>Permetrina 45 g<\/p>\n<p>Imidacloprid 10 g<\/p>\n<p>Fenoxicarb 0,6 g<\/p>\n<p>Excipientes c.s.p. 100 mL<\/p>\n<p><strong>Indicaciones:<\/strong><\/p>\n<p>Contra pulgas, piojos y garrapatas. . Con efecto ambiental, disminuye la carga de pulgas del entorno de la mascota.<\/p>\n<p><strong>V\u00eda de administraci\u00f3n:<\/strong><\/p>\n<p>Uso t\u00f3pico, spot on. Aplicar separando el pelo, sobre la l\u00ednea dorsal media, un poco por detr\u00e1s de la base del cuello (zona de la cruz), de modo que el producto contacte directamente con la piel. En perros de mayor porte, aplicar en m\u00e1s de un punto sobre la l\u00ednea dorsal media, con el fin de maximizar la difusi\u00f3n y cobertura de los principios activos.<\/p>\n<p>Se recomienda la aplicaci\u00f3n del producto cada 30 d\u00edas, este periodo puede variar de acuerdo al grado de infestaci\u00f3n, circunstancias ambientales propicias o no para el desarrollo de la pulga, frecuencia de ba\u00f1os, etc. Consulte al Medico Veterinario para un correcto uso de este producto.<\/p>\n<p><strong>Precauciones:<\/strong><\/p>\n<p>No administrar en cachorros menores de 2 meses. Es recomendable no ba\u00f1ar al animal, 48 horas antes o despu\u00e9s de la aplicaci\u00f3n. Si el producto entrara en contacto con la mucosa ocular o bucal, enjuagar con abundante agua. No aplicar en zonas de piel lastimadas o con irritaci\u00f3n.<\/p>\n","protected":false},"excerpt":{"rendered":"<div class=\"elementor-element elementor-element-5e29f5d7 elementor-widget elementor-widget-woocommerce-product-title elementor-page-title elementor-widget-heading\" data-id=\"5e29f5d7\" data-element_type=\"widget\" data-widget_type=\"woocommerce-product-title.default\">\n<div class=\"elementor-widget-container\">\n<h5 class=\"product_title entry-title elementor-heading-title elementor-size-default\">SHOOTER FORTE<\/h5>\n<\/div>\n<\/div>\n<div class=\"elementor-element elementor-element-11bdfaca elementor-widget elementor-widget-woocommerce-product-short-description\" data-id=\"11bdfaca\" data-element_type=\"widget\" data-widget_type=\"woocommerce-product-short-description.default\">\n<div class=\"elementor-widget-container\">\n<div class=\"woocommerce-product-details__short-description\">\n<h5><strong>Spot \u2013 on, caninos<\/strong><\/h5>\n<p><em>Presentaciones:<\/em><\/p>\n<p>Perros peque\u00f1os de 2 a 10 kg.<\/p>\n<p>Perros medianos de 11 a 20 kg.<\/p>\n<p>Perros grandes de 21 a 40 kg<\/p>\n<p>Perros muy grandes de 41 a 60 kg.<\/p>\n<p><strong>Composici\u00f3n:<\/strong><\/p>\n<p>Permetrina 45 g<\/p>\n<p>Imidacloprid 10 g<\/p>\n<p>Fenoxicarb 0,6 g<\/p>\n<p>Excipientes c.s.p. 100 mL<\/p>\n<\/div>\n<\/div>\n<\/div>\n","protected":false},"featured_media":940,"comment_status":"open","ping_status":"closed","template":"","meta":{"_uag_custom_page_level_css":"","site-sidebar-layout":"default","site-content-layout":"","ast-site-content-layout":"default","site-content-style":"default","site-sidebar-style":"default","ast-global-header-display":"","ast-banner-title-visibility":"","ast-main-header-display":"","ast-hfb-above-header-display":"","ast-hfb-below-header-display":"","ast-hfb-mobile-header-display":"","site-post-title":"","ast-breadcrumbs-content":"","ast-featured-img":"","footer-sml-layout":"","theme-transparent-header-meta":"default","adv-header-id-meta":"","stick-header-meta":"","header-above-stick-meta":"","header-main-stick-meta":"","header-below-stick-meta":"","astra-migrate-meta-layouts":"set","ast-page-background-enabled":"default","ast-page-background-meta":{"desktop":{"background-color":"var(--ast-global-color-5)","background-image":"","background-repeat":"repeat","background-position":"center center","background-size":"auto","background-attachment":"scroll","background-type":"","background-media":"","overlay-type":"","overlay-color":"","overlay-opacity":"","overlay-gradient":""},"tablet":{"background-color":"","background-image":"","background-repeat":"repeat","background-position":"center center","background-size":"auto","background-attachment":"scroll","background-type":"","background-media":"","overlay-type":"","overlay-color":"","overlay-opacity":"","overlay-gradient":""},"mobile":{"background-color":"","background-image":"","background-repeat":"repeat","background-position":"center center","background-size":"auto","background-attachment":"scroll","background-type":"","background-media":"","overlay-type":"","overlay-color":"","overlay-opacity":"","overlay-gradient":""}},"ast-content-background-meta":{"desktop":{"background-color":"var(--ast-global-color-4)","background-image":"","background-repeat":"repeat","background-position":"center center","background-size":"auto","background-attachment":"scroll","background-type":"","background-media":"","overlay-type":"","overlay-color":"","overlay-opacity":"","overlay-gradient":""},"tablet":{"background-color":"var(--ast-global-color-4)","background-image":"","background-repeat":"repeat","background-position":"center center","background-size":"auto","background-attachment":"scroll","background-type":"","background-media":"","overlay-type":"","overlay-color":"","overlay-opacity":"","overlay-gradient":""},"mobile":{"background-color":"var(--ast-global-color-4)","background-image":"","background-repeat":"repeat","background-position":"center center","background-size":"auto","background-attachment":"scroll","background-type":"","background-media":"","overlay-type":"","overlay-color":"","overlay-opacity":"","overlay-gradient":""}},"_joinchat":[]},"product_brand":[],"product_cat":[58],"product_tag":[101],"class_list":{"0":"post-939","1":"product","2":"type-product","3":"status-publish","4":"has-post-thumbnail","6":"product_cat-labmicrosules","7":"product_tag-gotas","8":"desktop-align-left","9":"tablet-align-left","10":"mobile-align-left","12":"first","13":"instock","14":"shipping-taxable","15":"product-type-external"},"aioseo_notices":[],"uagb_featured_image_src":{"full":["https:\/\/importadoracristinateran.com\/wp-content\/uploads\/2025\/04\/Shooter_Forte_Ca_4e14621b69397.jpg",645,628,false],"thumbnail":["https:\/\/importadoracristinateran.com\/wp-content\/uploads\/2025\/04\/Shooter_Forte_Ca_4e14621b69397-150x150.jpg",150,150,true],"medium":["https:\/\/importadoracristinateran.com\/wp-content\/uploads\/2025\/04\/Shooter_Forte_Ca_4e14621b69397-300x292.jpg",300,292,true],"medium_large":["https:\/\/importadoracristinateran.com\/wp-content\/uploads\/2025\/04\/Shooter_Forte_Ca_4e14621b69397.jpg",645,628,false],"large":["https:\/\/importadoracristinateran.com\/wp-content\/uploads\/2025\/04\/Shooter_Forte_Ca_4e14621b69397.jpg",645,628,false],"1536x1536":["https:\/\/importadoracristinateran.com\/wp-content\/uploads\/2025\/04\/Shooter_Forte_Ca_4e14621b69397.jpg",645,628,false],"2048x2048":["https:\/\/importadoracristinateran.com\/wp-content\/uploads\/2025\/04\/Shooter_Forte_Ca_4e14621b69397.jpg",645,628,false],"woocommerce_thumbnail":["https:\/\/importadoracristinateran.com\/wp-content\/uploads\/2025\/04\/Shooter_Forte_Ca_4e14621b69397-300x300.jpg",300,300,true],"woocommerce_single":["https:\/\/importadoracristinateran.com\/wp-content\/uploads\/2025\/04\/Shooter_Forte_Ca_4e14621b69397-600x584.jpg",600,584,true],"woocommerce_gallery_thumbnail":["https:\/\/importadoracristinateran.com\/wp-content\/uploads\/2025\/04\/Shooter_Forte_Ca_4e14621b69397-100x100.jpg",100,100,true],"dgwt-wcas-product-suggestion":["https:\/\/importadoracristinateran.com\/wp-content\/uploads\/2025\/04\/Shooter_Forte_Ca_4e14621b69397-64x62.jpg",64,62,true]},"uagb_author_info":{"display_name":"mcris.import@gmail.com","author_link":"https:\/\/importadoracristinateran.com\/?author=0"},"uagb_comment_info":0,"uagb_excerpt":"SHOOTER FORTE Spot \u2013 on, caninos Presentaciones: Perros peque\u00f1os de 2 a 10 kg. Perros medianos de 11 a 20 kg. Perros grandes de 21 a 40 kg Perros muy grandes de 41 a 60 kg. Composici\u00f3n: Permetrina 45 g Imidacloprid 10 g Fenoxicarb 0,6 g Excipientes c.s.p. 100 mL","_links":{"self":[{"href":"https:\/\/importadoracristinateran.com\/index.php?rest_route=\/wp\/v2\/product\/939","targetHints":{"allow":["GET"]}}],"collection":[{"href":"https:\/\/importadoracristinateran.com\/index.php?rest_route=\/wp\/v2\/product"}],"about":[{"href":"https:\/\/importadoracristinateran.com\/index.php?rest_route=\/wp\/v2\/types\/product"}],"replies":[{"embeddable":true,"href":"https:\/\/importadoracristinateran.com\/index.php?rest_route=%2Fwp%2Fv2%2Fcomments&post=939"}],"wp:featuredmedia":[{"embeddable":true,"href":"https:\/\/importadoracristinateran.com\/index.php?rest_route=\/wp\/v2\/media\/940"}],"wp:attachment":[{"href":"https:\/\/importadoracristinateran.com\/index.php?rest_route=%2Fwp%2Fv2%2Fmedia&parent=939"}],"wp:term":[{"taxonomy":"product_brand","embeddable":true,"href":"https:\/\/importadoracristinateran.com\/index.php?rest_route=%2Fwp%2Fv2%2Fproduct_brand&post=939"},{"taxonomy":"product_cat","embeddable":true,"href":"https:\/\/importadoracristinateran.com\/index.php?rest_route=%2Fwp%2Fv2%2Fproduct_cat&post=939"},{"taxonomy":"product_tag","embeddable":true,"href":"https:\/\/importadoracristinateran.com\/index.php?rest_route=%2Fwp%2Fv2%2Fproduct_tag&post=939"}],"curies":[{"name":"wp","href":"https:\/\/api.w.org\/{rel}","templated":true}]}}