{"id":946,"date":"2025-04-08T00:38:02","date_gmt":"2025-04-08T00:38:02","guid":{"rendered":"https:\/\/importadoracristinateran.com\/?post_type=product&#038;p=946"},"modified":"2025-05-06T16:47:49","modified_gmt":"2025-05-06T16:47:49","slug":"cefamic-comprimidos","status":"publish","type":"product","link":"https:\/\/importadoracristinateran.com\/?product=cefamic-comprimidos","title":{"rendered":"Cefamic Comprimidos"},"content":{"rendered":"<h1 class=\"product_title entry-title elementor-heading-title elementor-size-default\">CEFAMIC COMPRIMIDOS<\/h1>\n<p><strong>Composici\u00f3n:<\/strong><\/p>\n<p>Cada comprimido contiene<\/p>\n<p>Cefalexina (como Cefalexina monohidrato) \u00a00,5 g<\/p>\n<p>Excipientes c.s.p.<\/p>\n<p><strong>Indicaciones:<\/strong><\/p>\n<p>Cefamic comprimidos es un antibi\u00f3tico perteneciente a la familia de las cefalosporinas, de primera generaci\u00f3n. Es de amplio espectro, bactericida, indicado para el tratamiento de infecciones causadas por microorganismos sensibles en piel y tejidos blandos, o\u00eddos, tracto urinario, tracto respiratorio, huesos y articulaciones.<\/p>\n<p><strong>Especies animales a las que se destina:<\/strong><\/p>\n<p>Caninos y felinos.<\/p>\n<p><strong>V\u00eda de administraci\u00f3n:<\/strong><\/p>\n<p>Oral<\/p>\n<p><strong>Dosis:<\/strong><\/p>\n<p>Se recomienda 1 comprimido cada 20 kg de peso (20 \u2013 30 mg\/kg de peso como dosis promedio), cada 8 \u2013 12 horas durante 5 d\u00edas. Acompa\u00f1ar la administraci\u00f3n del producto con algo de comida. Tanto el periodo de intervalo entre dosis as\u00ed como la duraci\u00f3n del tratamiento podr\u00e1n ser modificados de acuerdo al Profesional actuante seg\u00fan el caso cl\u00ednico a tratar.<\/p>\n<p>En afecciones cut\u00e1neas puede requerirse su uso por un periodo m\u00e1s prolongado (piodermias superficiales entre 1 a 2 semanas, profundas 3 semanas o m\u00e1s), as\u00ed como en los casos de osteomielitis.<\/p>\n<p><strong>Contraindicaciones:<\/strong><\/p>\n<p>Su administraci\u00f3n est\u00e1 contraindicada en pacientes con hipersensibilidad a las cefalosporinas. Administrar con precauci\u00f3n a pacientes con hipersensibilidad a otros betalact\u00e1micos. No se recomienda su administraci\u00f3n (por ser oral) en pacientes con septicemia, shock u otras enfermedades graves debido a que la absorci\u00f3n a partir del tracto gastrointestinal se encuentra disminuida.<\/p>\n<p>Los efectos colaterales, si se presentan, se limitan al tracto gastrointestinal e incluyen: p\u00e9rdida de apetito, v\u00f3mitos y diarrea.<\/p>\n<p>En caso de insuficiencia renal es aconsejable reducir la dosis o prolongar los intervalos entre dosis de acuerdo al criterio del Profesional actuante as\u00ed como monitoreo de la funci\u00f3n renal.<\/p>\n","protected":false},"excerpt":{"rendered":"<h1 class=\"product_title entry-title elementor-heading-title elementor-size-default\">CEFAMIC COMPRIMIDOS<\/h1>\n<p><strong>Composici\u00f3n:<\/strong><\/p>\n<p>Cada comprimido contiene<\/p>\n<p>Cefalexina (como Cefalexina monohidrato) \u00a00,5 g<\/p>\n<p>Excipientes c.s.p.<\/p>\n<p><strong>Indicaciones:<\/strong><\/p>\n<p>Cefamic comprimidos es un antibi\u00f3tico perteneciente a la familia de las cefalosporinas, de primera generaci\u00f3n. Es de amplio espectro, bactericida, indicado para el tratamiento de infecciones causadas por microorganismos sensibles en piel y tejidos blandos, o\u00eddos, tracto urinario, tracto respiratorio, huesos y articulaciones.<\/p>\n","protected":false},"featured_media":947,"comment_status":"open","ping_status":"closed","template":"","meta":{"_uag_custom_page_level_css":"","site-sidebar-layout":"default","site-content-layout":"","ast-site-content-layout":"default","site-content-style":"default","site-sidebar-style":"default","ast-global-header-display":"","ast-banner-title-visibility":"","ast-main-header-display":"","ast-hfb-above-header-display":"","ast-hfb-below-header-display":"","ast-hfb-mobile-header-display":"","site-post-title":"","ast-breadcrumbs-content":"","ast-featured-img":"","footer-sml-layout":"","theme-transparent-header-meta":"default","adv-header-id-meta":"","stick-header-meta":"","header-above-stick-meta":"","header-main-stick-meta":"","header-below-stick-meta":"","astra-migrate-meta-layouts":"set","ast-page-background-enabled":"default","ast-page-background-meta":{"desktop":{"background-color":"var(--ast-global-color-5)","background-image":"","background-repeat":"repeat","background-position":"center center","background-size":"auto","background-attachment":"scroll","background-type":"","background-media":"","overlay-type":"","overlay-color":"","overlay-opacity":"","overlay-gradient":""},"tablet":{"background-color":"","background-image":"","background-repeat":"repeat","background-position":"center center","background-size":"auto","background-attachment":"scroll","background-type":"","background-media":"","overlay-type":"","overlay-color":"","overlay-opacity":"","overlay-gradient":""},"mobile":{"background-color":"","background-image":"","background-repeat":"repeat","background-position":"center center","background-size":"auto","background-attachment":"scroll","background-type":"","background-media":"","overlay-type":"","overlay-color":"","overlay-opacity":"","overlay-gradient":""}},"ast-content-background-meta":{"desktop":{"background-color":"var(--ast-global-color-4)","background-image":"","background-repeat":"repeat","background-position":"center center","background-size":"auto","background-attachment":"scroll","background-type":"","background-media":"","overlay-type":"","overlay-color":"","overlay-opacity":"","overlay-gradient":""},"tablet":{"background-color":"var(--ast-global-color-4)","background-image":"","background-repeat":"repeat","background-position":"center center","background-size":"auto","background-attachment":"scroll","background-type":"","background-media":"","overlay-type":"","overlay-color":"","overlay-opacity":"","overlay-gradient":""},"mobile":{"background-color":"var(--ast-global-color-4)","background-image":"","background-repeat":"repeat","background-position":"center center","background-size":"auto","background-attachment":"scroll","background-type":"","background-media":"","overlay-type":"","overlay-color":"","overlay-opacity":"","overlay-gradient":""}},"_joinchat":[]},"product_brand":[],"product_cat":[58],"product_tag":[95],"class_list":{"0":"post-946","1":"product","2":"type-product","3":"status-publish","4":"has-post-thumbnail","6":"product_cat-labmicrosules","7":"product_tag-comprimidos","8":"desktop-align-left","9":"tablet-align-left","10":"mobile-align-left","12":"first","13":"instock","14":"shipping-taxable","15":"product-type-external"},"aioseo_notices":[],"uagb_featured_image_src":{"full":["https:\/\/importadoracristinateran.com\/wp-content\/uploads\/2025\/04\/cefamic-comprimidos-10-un-1.jpg",1700,1700,false],"thumbnail":["https:\/\/importadoracristinateran.com\/wp-content\/uploads\/2025\/04\/cefamic-comprimidos-10-un-1-150x150.jpg",150,150,true],"medium":["https:\/\/importadoracristinateran.com\/wp-content\/uploads\/2025\/04\/cefamic-comprimidos-10-un-1-300x300.jpg",300,300,true],"medium_large":["https:\/\/importadoracristinateran.com\/wp-content\/uploads\/2025\/04\/cefamic-comprimidos-10-un-1-768x768.jpg",768,768,true],"large":["https:\/\/importadoracristinateran.com\/wp-content\/uploads\/2025\/04\/cefamic-comprimidos-10-un-1-1024x1024.jpg",1024,1024,true],"1536x1536":["https:\/\/importadoracristinateran.com\/wp-content\/uploads\/2025\/04\/cefamic-comprimidos-10-un-1-1536x1536.jpg",1536,1536,true],"2048x2048":["https:\/\/importadoracristinateran.com\/wp-content\/uploads\/2025\/04\/cefamic-comprimidos-10-un-1.jpg",1700,1700,false],"woocommerce_thumbnail":["https:\/\/importadoracristinateran.com\/wp-content\/uploads\/2025\/04\/cefamic-comprimidos-10-un-1-300x300.jpg",300,300,true],"woocommerce_single":["https:\/\/importadoracristinateran.com\/wp-content\/uploads\/2025\/04\/cefamic-comprimidos-10-un-1-600x600.jpg",600,600,true],"woocommerce_gallery_thumbnail":["https:\/\/importadoracristinateran.com\/wp-content\/uploads\/2025\/04\/cefamic-comprimidos-10-un-1-100x100.jpg",100,100,true],"dgwt-wcas-product-suggestion":["https:\/\/importadoracristinateran.com\/wp-content\/uploads\/2025\/04\/cefamic-comprimidos-10-un-1-64x64.jpg",64,64,true]},"uagb_author_info":{"display_name":"mcris.import@gmail.com","author_link":"https:\/\/importadoracristinateran.com\/?author=0"},"uagb_comment_info":0,"uagb_excerpt":"CEFAMIC COMPRIMIDOS Composici\u00f3n: Cada comprimido contiene Cefalexina (como Cefalexina monohidrato) \u00a00,5 g Excipientes c.s.p. Indicaciones: Cefamic comprimidos es un antibi\u00f3tico perteneciente a la familia de las cefalosporinas, de primera generaci\u00f3n. Es de amplio espectro, bactericida, indicado para el tratamiento de infecciones causadas por microorganismos sensibles en piel y tejidos blandos, o\u00eddos, tracto urinario, tracto respiratorio,&hellip;","_links":{"self":[{"href":"https:\/\/importadoracristinateran.com\/index.php?rest_route=\/wp\/v2\/product\/946","targetHints":{"allow":["GET"]}}],"collection":[{"href":"https:\/\/importadoracristinateran.com\/index.php?rest_route=\/wp\/v2\/product"}],"about":[{"href":"https:\/\/importadoracristinateran.com\/index.php?rest_route=\/wp\/v2\/types\/product"}],"replies":[{"embeddable":true,"href":"https:\/\/importadoracristinateran.com\/index.php?rest_route=%2Fwp%2Fv2%2Fcomments&post=946"}],"wp:featuredmedia":[{"embeddable":true,"href":"https:\/\/importadoracristinateran.com\/index.php?rest_route=\/wp\/v2\/media\/947"}],"wp:attachment":[{"href":"https:\/\/importadoracristinateran.com\/index.php?rest_route=%2Fwp%2Fv2%2Fmedia&parent=946"}],"wp:term":[{"taxonomy":"product_brand","embeddable":true,"href":"https:\/\/importadoracristinateran.com\/index.php?rest_route=%2Fwp%2Fv2%2Fproduct_brand&post=946"},{"taxonomy":"product_cat","embeddable":true,"href":"https:\/\/importadoracristinateran.com\/index.php?rest_route=%2Fwp%2Fv2%2Fproduct_cat&post=946"},{"taxonomy":"product_tag","embeddable":true,"href":"https:\/\/importadoracristinateran.com\/index.php?rest_route=%2Fwp%2Fv2%2Fproduct_tag&post=946"}],"curies":[{"name":"wp","href":"https:\/\/api.w.org\/{rel}","templated":true}]}}