{"id":962,"date":"2025-04-09T23:17:46","date_gmt":"2025-04-09T23:17:46","guid":{"rendered":"https:\/\/importadoracristinateran.com\/?post_type=product&#038;p=962"},"modified":"2025-05-10T00:48:48","modified_gmt":"2025-05-10T00:48:48","slug":"nobivac-dappvl4","status":"publish","type":"product","link":"https:\/\/importadoracristinateran.com\/?product=nobivac-dappvl4","title":{"rendered":"Nobivac DAPPV+L4"},"content":{"rendered":"<h4><strong><span class=\"has-inline-color has-teal-color\">Composici\u00f3n:<\/span><\/strong><\/h4>\n<p>Contenido por dosis:<\/p>\n<p>Virus de moquillo canino, cepa Distemperoide \u2265 10\u00b3\u00b7\u2077 TCID\u2085\u2080<\/p>\n<p>Adenovirus canino tipo 2, cepa Ditchfield\u2265 10\u2074\u00b7\u2078 TCID\u2085\u2080<\/p>\n<p>Virus de Parainfluenza canina, cepa CPI-PR \u2265 10\u2074\u00b7\u00b3 TCID\u2085\u2080<\/p>\n<p>Parvovirus canino, cepa SAH-CPV-2b \u2265 10 \u2075\u00b7\u00b9 FAID\u2085\u2080<\/p>\n<p>Bacterina Leptospira canicola, cepa LC-NY \u2265 80 h\u00e1mster PD\u2088\u2080<\/p>\n<p>Bacterina Leptospira icterohaemorrhagiae, \u2265 80 h\u00e1mster PD\u2088\u2080<\/p>\n<p>cepa LI-11403 JBacterina Leptospira grippotyphosa\u2265 80 h\u00e1mster PD\u2088\u2080<\/p>\n<p>Bacterina Leptospira pomona\u2265 80 h\u00e1mster PD\u2088\u2080<\/p>\n<p>Excipientes c.s.p. 1 ml<\/p>\n<h4><strong><span class=\"has-inline-color has-teal-color\">Instrucciones de uso<\/span><\/strong><\/h4>\n<p>La vacuna\u00a0<strong>Nobivac DAPPv<\/strong>\u00a0es una vacuna de virus vivos modificada que es recomendada para la vacunaci\u00f3n de perros sanos como ayuda en la prevenci\u00f3n de la enfermedad causada por el virus del Moquillo canino, Adenovirus canino tipo 1 (Hepatitis), virus de Parainfluenza canina, y Parvovirus canino.<\/p>\n<p>La bacterina de\u00a0<strong>Nobivac Lepto 4<\/strong>\u00a0est\u00e1 recomendada para la vacunaci\u00f3n de perros sanos como ayuda en la prevenci\u00f3n de la enfermedad y mortalidad causadas por\u00a0<strong>L. canicola, L. icterohaemorrhagiae, L. pomona y L. grippotyphosa;<\/strong>\u00a0la prevenci\u00f3n de leptospiruria (eliminaci\u00f3n de Leptospira en orina) causada por\u00a0<strong>L. canicola, L. icterohaemorrhagiae, y L. grippotyphosa;<\/strong>\u00a0y como ayuda en la prevenci\u00f3n de leptospiruria causada por L. pomona.<\/p>\n","protected":false},"excerpt":{"rendered":"<h4><strong><span class=\"has-inline-color has-teal-color\">Composici\u00f3n:<\/span><\/strong><\/h4>\n<p>Contenido por dosis:<\/p>\n<p>Virus de moquillo canino, cepa Distemperoide \u2265 10\u00b3\u00b7\u2077 TCID\u2085\u2080<\/p>\n<p>Adenovirus canino tipo 2, cepa Ditchfield\u2265 10\u2074\u00b7\u2078 TCID\u2085\u2080<\/p>\n<p>Virus de Parainfluenza canina, cepa CPI-PR \u2265 10\u2074\u00b7\u00b3 TCID\u2085\u2080<\/p>\n<p>Parvovirus canino, cepa SAH-CPV-2b \u2265 10 \u2075\u00b7\u00b9 FAID\u2085\u2080<\/p>\n<p>Bacterina Leptospira canicola, cepa LC-NY \u2265 80 h\u00e1mster PD\u2088\u2080<\/p>\n<p>Bacterina Leptospira icterohaemorrhagiae, \u2265 80 h\u00e1mster PD\u2088\u2080<\/p>\n<p>cepa LI-11403 JBacterina Leptospira grippotyphosa\u2265 80 h\u00e1mster PD\u2088\u2080<\/p>\n<p>Bacterina Leptospira pomona\u2265 80 h\u00e1mster PD\u2088\u2080<\/p>\n<p>Excipientes c.s.p. 1 ml<\/p>\n","protected":false},"featured_media":964,"comment_status":"open","ping_status":"closed","template":"","meta":{"_uag_custom_page_level_css":"","site-sidebar-layout":"default","site-content-layout":"","ast-site-content-layout":"default","site-content-style":"default","site-sidebar-style":"default","ast-global-header-display":"","ast-banner-title-visibility":"","ast-main-header-display":"","ast-hfb-above-header-display":"","ast-hfb-below-header-display":"","ast-hfb-mobile-header-display":"","site-post-title":"","ast-breadcrumbs-content":"","ast-featured-img":"","footer-sml-layout":"","ast-disable-related-posts":"","theme-transparent-header-meta":"default","adv-header-id-meta":"","stick-header-meta":"","header-above-stick-meta":"","header-main-stick-meta":"","header-below-stick-meta":"","astra-migrate-meta-layouts":"set","ast-page-background-enabled":"default","ast-page-background-meta":{"desktop":{"background-color":"var(--ast-global-color-5)","background-image":"","background-repeat":"repeat","background-position":"center center","background-size":"auto","background-attachment":"scroll","background-type":"","background-media":"","overlay-type":"","overlay-color":"","overlay-opacity":"","overlay-gradient":""},"tablet":{"background-color":"","background-image":"","background-repeat":"repeat","background-position":"center center","background-size":"auto","background-attachment":"scroll","background-type":"","background-media":"","overlay-type":"","overlay-color":"","overlay-opacity":"","overlay-gradient":""},"mobile":{"background-color":"","background-image":"","background-repeat":"repeat","background-position":"center center","background-size":"auto","background-attachment":"scroll","background-type":"","background-media":"","overlay-type":"","overlay-color":"","overlay-opacity":"","overlay-gradient":""}},"ast-content-background-meta":{"desktop":{"background-color":"var(--ast-global-color-4)","background-image":"","background-repeat":"repeat","background-position":"center center","background-size":"auto","background-attachment":"scroll","background-type":"","background-media":"","overlay-type":"","overlay-color":"","overlay-opacity":"","overlay-gradient":""},"tablet":{"background-color":"var(--ast-global-color-4)","background-image":"","background-repeat":"repeat","background-position":"center center","background-size":"auto","background-attachment":"scroll","background-type":"","background-media":"","overlay-type":"","overlay-color":"","overlay-opacity":"","overlay-gradient":""},"mobile":{"background-color":"var(--ast-global-color-4)","background-image":"","background-repeat":"repeat","background-position":"center center","background-size":"auto","background-attachment":"scroll","background-type":"","background-media":"","overlay-type":"","overlay-color":"","overlay-opacity":"","overlay-gradient":""}},"_joinchat":[]},"product_brand":[],"product_cat":[29],"product_tag":[28],"class_list":{"0":"post-962","1":"product","2":"type-product","3":"status-publish","4":"has-post-thumbnail","6":"product_cat-msdsaludanimal","7":"product_tag-vacunas","8":"desktop-align-left","9":"tablet-align-left","10":"mobile-align-left","12":"first","13":"instock","14":"shipping-taxable","15":"product-type-external"},"aioseo_notices":[],"uagb_featured_image_src":{"full":["https:\/\/importadoracristinateran.com\/wp-content\/uploads\/2025\/04\/N.-DAPPVL4.jpg",800,800,false],"thumbnail":["https:\/\/importadoracristinateran.com\/wp-content\/uploads\/2025\/04\/N.-DAPPVL4-150x150.jpg",150,150,true],"medium":["https:\/\/importadoracristinateran.com\/wp-content\/uploads\/2025\/04\/N.-DAPPVL4-300x300.jpg",300,300,true],"medium_large":["https:\/\/importadoracristinateran.com\/wp-content\/uploads\/2025\/04\/N.-DAPPVL4-768x768.jpg",768,768,true],"large":["https:\/\/importadoracristinateran.com\/wp-content\/uploads\/2025\/04\/N.-DAPPVL4.jpg",800,800,false],"1536x1536":["https:\/\/importadoracristinateran.com\/wp-content\/uploads\/2025\/04\/N.-DAPPVL4.jpg",800,800,false],"2048x2048":["https:\/\/importadoracristinateran.com\/wp-content\/uploads\/2025\/04\/N.-DAPPVL4.jpg",800,800,false],"woocommerce_thumbnail":["https:\/\/importadoracristinateran.com\/wp-content\/uploads\/2025\/04\/N.-DAPPVL4-300x300.jpg",300,300,true],"woocommerce_single":["https:\/\/importadoracristinateran.com\/wp-content\/uploads\/2025\/04\/N.-DAPPVL4-600x600.jpg",600,600,true],"woocommerce_gallery_thumbnail":["https:\/\/importadoracristinateran.com\/wp-content\/uploads\/2025\/04\/N.-DAPPVL4-100x100.jpg",100,100,true],"dgwt-wcas-product-suggestion":["https:\/\/importadoracristinateran.com\/wp-content\/uploads\/2025\/04\/N.-DAPPVL4-64x64.jpg",64,64,true]},"uagb_author_info":{"display_name":"mcris.import@gmail.com","author_link":"https:\/\/importadoracristinateran.com\/?author=0"},"uagb_comment_info":0,"uagb_excerpt":"Composici\u00f3n: Contenido por dosis: Virus de moquillo canino, cepa Distemperoide \u2265 10\u00b3\u00b7\u2077 TCID\u2085\u2080 Adenovirus canino tipo 2, cepa Ditchfield\u2265 10\u2074\u00b7\u2078 TCID\u2085\u2080 Virus de Parainfluenza canina, cepa CPI-PR \u2265 10\u2074\u00b7\u00b3 TCID\u2085\u2080 Parvovirus canino, cepa SAH-CPV-2b \u2265 10 \u2075\u00b7\u00b9 FAID\u2085\u2080 Bacterina Leptospira canicola, cepa LC-NY \u2265 80 h\u00e1mster PD\u2088\u2080 Bacterina Leptospira icterohaemorrhagiae, \u2265 80 h\u00e1mster PD\u2088\u2080 cepa&hellip;","_links":{"self":[{"href":"https:\/\/importadoracristinateran.com\/index.php?rest_route=\/wp\/v2\/product\/962","targetHints":{"allow":["GET"]}}],"collection":[{"href":"https:\/\/importadoracristinateran.com\/index.php?rest_route=\/wp\/v2\/product"}],"about":[{"href":"https:\/\/importadoracristinateran.com\/index.php?rest_route=\/wp\/v2\/types\/product"}],"replies":[{"embeddable":true,"href":"https:\/\/importadoracristinateran.com\/index.php?rest_route=%2Fwp%2Fv2%2Fcomments&post=962"}],"wp:featuredmedia":[{"embeddable":true,"href":"https:\/\/importadoracristinateran.com\/index.php?rest_route=\/wp\/v2\/media\/964"}],"wp:attachment":[{"href":"https:\/\/importadoracristinateran.com\/index.php?rest_route=%2Fwp%2Fv2%2Fmedia&parent=962"}],"wp:term":[{"taxonomy":"product_brand","embeddable":true,"href":"https:\/\/importadoracristinateran.com\/index.php?rest_route=%2Fwp%2Fv2%2Fproduct_brand&post=962"},{"taxonomy":"product_cat","embeddable":true,"href":"https:\/\/importadoracristinateran.com\/index.php?rest_route=%2Fwp%2Fv2%2Fproduct_cat&post=962"},{"taxonomy":"product_tag","embeddable":true,"href":"https:\/\/importadoracristinateran.com\/index.php?rest_route=%2Fwp%2Fv2%2Fproduct_tag&post=962"}],"curies":[{"name":"wp","href":"https:\/\/api.w.org\/{rel}","templated":true}]}}