{"id":966,"date":"2025-04-09T23:34:22","date_gmt":"2025-04-09T23:34:22","guid":{"rendered":"https:\/\/importadoracristinateran.com\/?post_type=product&#038;p=966"},"modified":"2025-05-10T00:48:22","modified_gmt":"2025-05-10T00:48:22","slug":"nobivac-parvo-c","status":"publish","type":"product","link":"https:\/\/importadoracristinateran.com\/?product=nobivac-parvo-c","title":{"rendered":"Nobivac Parvo c"},"content":{"rendered":"<h4 class=\"wp-block-heading\"><strong><span class=\"has-inline-color\">F\u00d3RMULA:<\/span><\/strong><\/h4>\n<p>Cada dosis contiene:<\/p>\n<p>Cepa viral viva atenuada de Parvovirus Canino, cepa 154 clonada \u00a0 \u2265 10\u00a0<sup>7.0<\/sup>\u00a0DICT<sub>50<\/sub><\/p>\n<p>Veh\u00edculo c.b.p. \u00a0 1 dosis<\/p>\n<h4 class=\"wp-block-heading\"><strong><span class=\"has-inline-color\">INDICACIONES:<\/span><\/strong><\/h4>\n<p>Para la inmunizaci\u00f3n activa de cachorros j\u00f3venes sanos contra la enfermedad del Parvovirus canino (PVC) (2, 2a , 2b, 2c).<\/p>\n<h4 class=\"wp-block-heading\"><strong><span class=\"has-inline-color\">FORMA FARMAC\u00c9UTICA:<\/span><\/strong><\/h4>\n<p>Pastilla liofilizada<\/p>\n<h4 class=\"wp-block-heading\"><strong><span class=\"has-inline-color\">DOSIS Y V\u00cdA DE ADMINISTRACI\u00d3N:<\/span><\/strong><\/h4>\n<p>Administrar 1 ml de vacuna reconstituida por v\u00eda subcut\u00e1nea.<\/p>\n<h4 class=\"wp-block-heading\"><strong><span class=\"has-inline-color\">PROGRAMA DE VACUNACI\u00d3N:<\/span><\/strong><\/h4>\n<p><strong>Nobivac<\/strong><strong>\u00ae Parvo C\u00a0<\/strong>est\u00e1 indicada para el uso en animales con niveles elevados de Anticuerpos Derivados de la Madre (MAD por sus siglas en ingl\u00e9s) contra parvovirus canino. La edad m\u00e1s temprana a la que estos niveles no interfieren con la vacunaci\u00f3n es entre las 6 y 9 semanas en la mayor\u00eda de los animales. Para asegurar la protecci\u00f3n de cachorros individuales que no responden a esta edad por niveles muy elevados de Anticuerpos Derivados de la Madre, y proporcionar protecci\u00f3n contra moquilllo, hepatitis (CAV1), infecciones por CAV 2 y parainfluenza.<\/p>\n<p>Si se desea vacunar al animal contra el parvovirus canino antes que tenga 6 semanas de edad, (ej.: en zonas de alto riesgo de infecci\u00f3n) se puede administrar una primera vacuna con\u00a0<strong>Nobivac<\/strong><strong>\u00ae Parvo C\u00a0<\/strong>desde las 2-4 semanas de edad. Despu\u00e9s de esto se debe seguir el sistema general de vacunaci\u00f3n (revacunaci\u00f3n cada 3-4 semanas hasta los tres meses de edad).<\/p>\n<p>Se incluyen las siguientes recomendaciones ya que es probable que la inmunizaci\u00f3n con Nobivac\u00ae DH Parvo C forme parte de las pautas de vacunaci\u00f3n m\u00e1s amplias:<\/p>\n<p>4-6 semanas de vida \u00a0 Nobivac\u00ae Parvo C o Nobivac\u00ae Puppy DP<\/p>\n<p>8-9 semanas de vida \u00a0 Nobivac\u00ae DHPPi con Nobivac\u00ae Lepto<\/p>\n<p>12 semanas de vida \u00a0 Nobivac\u00ae DHPPi con Nobivac\u00ae Lepto, Nobivac\u00ae Rabia o Nobivac\u00ae RL<\/p>\n<p><em>Revacunaci\u00f3n:<\/em><\/p>\n<p>Nobivac\u00ae Parvo C ha demostrado desarrollar inmunidad durante un lapso mayor. Se recomienda que los perros se revacunen contra: 1.Distemper canino, hepatitis canina y parvovirus \u2013 hasta cada 3 a\u00f1os. 2.Infecciones por el virus de parainfluenza canina y leptospirosis \u2013 cada a\u00f1o 3.Rabia: hasta cada 3 a\u00f1os (puede modificarse de acuerdo con la regulaci\u00f3n local). \u25cf<\/p>\n<p><em>Preparaci\u00f3n de la vacuna:<\/em><\/p>\n<p>Reconstituir inmediatamente antes de usar con la adici\u00f3n de un vial (1ml) de Nobivac\u00ae Diluente. La vacuna deber\u00e1 utilizarse antes de los 30 minutos posteriores a su reconstituci\u00f3n.<\/p>\n<h4 class=\"wp-block-heading\"><strong><span class=\"has-inline-color\">CONSEJOS PARA LA ADMINISTRACI\u00d3N CORRECTA:<\/span><\/strong><\/h4>\n<p>\u2022 S\u00f3lo deber\u00e1n vacunarse animales sanos y deber\u00e1 realizarse una exploraci\u00f3n cl\u00ednica adecuada antes de la inoculaci\u00f3n.<\/p>\n<p>\u2022 Utilice material est\u00e9ril para la administraci\u00f3n.<\/p>\n<h4 class=\"wp-block-heading\"><strong><span class=\"has-inline-color\">CONTRAINDICACIONES:<\/span><\/strong><\/h4>\n<p>Ninguna.<\/p>\n<h4 class=\"wp-block-heading\"><strong><span class=\"has-inline-color\">REACCIONES ADVERSAS:<\/span><\/strong><\/h4>\n<p>Ocasionalmente puede producirse una reacci\u00f3n de hipersensibilidad tipo anafil\u00e1ctica leve despu\u00e9s de la vacunaci\u00f3n, igual que puede suceder con todas las prote\u00ednas extra\u00f1as. Estas reacciones son autolimitadas en la mayor\u00eda de los casos.<\/p>\n<h4 class=\"wp-block-heading\"><strong><span class=\"has-inline-color\">ADVERTENCIAS:<\/span><\/strong><\/h4>\n<p>Vacune \u00fanicamente animales sanos.<\/p>\n<p>Despu\u00e9s de la vacunaci\u00f3n, deber\u00e1 evitarse el contacto con fuentes potenciales de infecci\u00f3n hasta 14 d\u00edas despu\u00e9s de la inoculaci\u00f3n.<\/p>\n<p>Mant\u00e9ngase fuera del alcance de los ni\u00f1os y de los animales dom\u00e9sticos.<\/p>\n<h4 class=\"wp-block-heading\"><strong><span class=\"has-inline-color\">PRECAUCIONES ESPECIALES:<\/span><\/strong><\/h4>\n<p><strong><em>Precauciones que debe tomar la persona que administra el producto veterinario a los animales:<\/em><\/strong><\/p>\n<p>Mantenga el producto en su empaque original hasta que se utilice para evitar que los ni\u00f1os tengan acceso directo al mismo.<\/p>\n<p>No comer, beber o fumar mientras est\u00e9 manipulando el producto.<\/p>\n<p>L\u00e1vese las manos cuidadosamente con agua y jab\u00f3n inmediatamente despu\u00e9s de utilizar el producto.<\/p>\n<p><strong>Gestaci\u00f3n, lactancia y fertilidad:<\/strong><\/p>\n<p>Se pueden vacunar hembras gestantes. La experiencia ha demostrado que el estado de los anticuerpos maternos de los cachorros de la camada var\u00eda y no deber\u00e1 confiarse s\u00f3lo en la exploraci\u00f3n serol\u00f3gica de la hembra.<\/p>\n<p><strong><em>Interacci\u00f3n con otros medicamentos y otras formas de interacci\u00f3n:<\/em><\/strong><\/p>\n<p>No se recomienda su administraci\u00f3n junto con otros productos.<\/p>\n<p><strong><em>Sobredosis (s\u00edntomas, procedimientos de emergencia y ant\u00eddotos):<\/em><\/strong><\/p>\n<p>No se presentaron signos al administrar 10 veces la dosis recomendada.<\/p>\n<p><strong><em>Incompatibilidades:<\/em><\/strong><\/p>\n<p>No se recomienda mezclar con ninguna otra vacuna o producto m\u00e9dico veterinario.<\/p>\n<p><strong><em>Precauciones de Almacenamiento:<\/em><\/strong><\/p>\n<p>Conservar en refrigeraci\u00f3n de 2\u00b0C a 8\u00b0C, protegido de la luz.<\/p>\n<p>No congelar.<\/p>\n<p>Nobivac\u00ae Diluente, puede conservarse a temperatura ambiente.<\/p>\n<p>La potencia de la vacuna puede reducirse en el transcurso de algunas horas y en condiciones de mucho calor.<\/p>\n<h4 class=\"wp-block-heading\"><strong><span class=\"has-inline-color\">PERIODO DE RETIRO:<\/span><\/strong><\/h4>\n<p>No aplica.<\/p>\n<h4 class=\"wp-block-heading\"><strong><span class=\"has-inline-color\">PRESENTACIONES:<\/span><\/strong><\/h4>\n<p>Caja con 10 frascos de una dosis.<\/p>\n","protected":false},"excerpt":{"rendered":"<p>Contiene cepas activas atenuadas del parvovirus canino cepa 154, reproducidas en cultivos de l\u00edneas celulares. Se presenta en forma liofilizada de dosis \u00fanica para reconstituir. Puede contener estabilizadores y trazas de antibi\u00f3ticos.<\/p>\n","protected":false},"featured_media":967,"comment_status":"open","ping_status":"closed","template":"","meta":{"_uag_custom_page_level_css":"","site-sidebar-layout":"default","site-content-layout":"","ast-site-content-layout":"default","site-content-style":"default","site-sidebar-style":"default","ast-global-header-display":"","ast-banner-title-visibility":"","ast-main-header-display":"","ast-hfb-above-header-display":"","ast-hfb-below-header-display":"","ast-hfb-mobile-header-display":"","site-post-title":"","ast-breadcrumbs-content":"","ast-featured-img":"","footer-sml-layout":"","theme-transparent-header-meta":"default","adv-header-id-meta":"","stick-header-meta":"","header-above-stick-meta":"","header-main-stick-meta":"","header-below-stick-meta":"","astra-migrate-meta-layouts":"set","ast-page-background-enabled":"default","ast-page-background-meta":{"desktop":{"background-color":"var(--ast-global-color-5)","background-image":"","background-repeat":"repeat","background-position":"center center","background-size":"auto","background-attachment":"scroll","background-type":"","background-media":"","overlay-type":"","overlay-color":"","overlay-opacity":"","overlay-gradient":""},"tablet":{"background-color":"","background-image":"","background-repeat":"repeat","background-position":"center center","background-size":"auto","background-attachment":"scroll","background-type":"","background-media":"","overlay-type":"","overlay-color":"","overlay-opacity":"","overlay-gradient":""},"mobile":{"background-color":"","background-image":"","background-repeat":"repeat","background-position":"center center","background-size":"auto","background-attachment":"scroll","background-type":"","background-media":"","overlay-type":"","overlay-color":"","overlay-opacity":"","overlay-gradient":""}},"ast-content-background-meta":{"desktop":{"background-color":"var(--ast-global-color-4)","background-image":"","background-repeat":"repeat","background-position":"center center","background-size":"auto","background-attachment":"scroll","background-type":"","background-media":"","overlay-type":"","overlay-color":"","overlay-opacity":"","overlay-gradient":""},"tablet":{"background-color":"var(--ast-global-color-4)","background-image":"","background-repeat":"repeat","background-position":"center center","background-size":"auto","background-attachment":"scroll","background-type":"","background-media":"","overlay-type":"","overlay-color":"","overlay-opacity":"","overlay-gradient":""},"mobile":{"background-color":"var(--ast-global-color-4)","background-image":"","background-repeat":"repeat","background-position":"center center","background-size":"auto","background-attachment":"scroll","background-type":"","background-media":"","overlay-type":"","overlay-color":"","overlay-opacity":"","overlay-gradient":""}},"_joinchat":[]},"product_brand":[],"product_cat":[29],"product_tag":[28],"class_list":{"0":"post-966","1":"product","2":"type-product","3":"status-publish","4":"has-post-thumbnail","6":"product_cat-msdsaludanimal","7":"product_tag-vacunas","8":"desktop-align-left","9":"tablet-align-left","10":"mobile-align-left","12":"first","13":"instock","14":"shipping-taxable","15":"product-type-external"},"aioseo_notices":[],"uagb_featured_image_src":{"full":["https:\/\/importadoracristinateran.com\/wp-content\/uploads\/2025\/04\/Nobivac-Parvoc.jpg",1000,1000,false],"thumbnail":["https:\/\/importadoracristinateran.com\/wp-content\/uploads\/2025\/04\/Nobivac-Parvoc-150x150.jpg",150,150,true],"medium":["https:\/\/importadoracristinateran.com\/wp-content\/uploads\/2025\/04\/Nobivac-Parvoc-300x300.jpg",300,300,true],"medium_large":["https:\/\/importadoracristinateran.com\/wp-content\/uploads\/2025\/04\/Nobivac-Parvoc-768x768.jpg",768,768,true],"large":["https:\/\/importadoracristinateran.com\/wp-content\/uploads\/2025\/04\/Nobivac-Parvoc.jpg",1000,1000,false],"1536x1536":["https:\/\/importadoracristinateran.com\/wp-content\/uploads\/2025\/04\/Nobivac-Parvoc.jpg",1000,1000,false],"2048x2048":["https:\/\/importadoracristinateran.com\/wp-content\/uploads\/2025\/04\/Nobivac-Parvoc.jpg",1000,1000,false],"woocommerce_thumbnail":["https:\/\/importadoracristinateran.com\/wp-content\/uploads\/2025\/04\/Nobivac-Parvoc-300x300.jpg",300,300,true],"woocommerce_single":["https:\/\/importadoracristinateran.com\/wp-content\/uploads\/2025\/04\/Nobivac-Parvoc-600x600.jpg",600,600,true],"woocommerce_gallery_thumbnail":["https:\/\/importadoracristinateran.com\/wp-content\/uploads\/2025\/04\/Nobivac-Parvoc-100x100.jpg",100,100,true],"dgwt-wcas-product-suggestion":["https:\/\/importadoracristinateran.com\/wp-content\/uploads\/2025\/04\/Nobivac-Parvoc-64x64.jpg",64,64,true]},"uagb_author_info":{"display_name":"mcris.import@gmail.com","author_link":"https:\/\/importadoracristinateran.com\/?author=0"},"uagb_comment_info":0,"uagb_excerpt":"Contiene cepas activas atenuadas del parvovirus canino cepa 154, reproducidas en cultivos de l\u00edneas celulares. Se presenta en forma liofilizada de dosis \u00fanica para reconstituir. Puede contener estabilizadores y trazas de antibi\u00f3ticos.","_links":{"self":[{"href":"https:\/\/importadoracristinateran.com\/index.php?rest_route=\/wp\/v2\/product\/966","targetHints":{"allow":["GET"]}}],"collection":[{"href":"https:\/\/importadoracristinateran.com\/index.php?rest_route=\/wp\/v2\/product"}],"about":[{"href":"https:\/\/importadoracristinateran.com\/index.php?rest_route=\/wp\/v2\/types\/product"}],"replies":[{"embeddable":true,"href":"https:\/\/importadoracristinateran.com\/index.php?rest_route=%2Fwp%2Fv2%2Fcomments&post=966"}],"wp:featuredmedia":[{"embeddable":true,"href":"https:\/\/importadoracristinateran.com\/index.php?rest_route=\/wp\/v2\/media\/967"}],"wp:attachment":[{"href":"https:\/\/importadoracristinateran.com\/index.php?rest_route=%2Fwp%2Fv2%2Fmedia&parent=966"}],"wp:term":[{"taxonomy":"product_brand","embeddable":true,"href":"https:\/\/importadoracristinateran.com\/index.php?rest_route=%2Fwp%2Fv2%2Fproduct_brand&post=966"},{"taxonomy":"product_cat","embeddable":true,"href":"https:\/\/importadoracristinateran.com\/index.php?rest_route=%2Fwp%2Fv2%2Fproduct_cat&post=966"},{"taxonomy":"product_tag","embeddable":true,"href":"https:\/\/importadoracristinateran.com\/index.php?rest_route=%2Fwp%2Fv2%2Fproduct_tag&post=966"}],"curies":[{"name":"wp","href":"https:\/\/api.w.org\/{rel}","templated":true}]}}