{"id":968,"date":"2025-04-09T23:51:37","date_gmt":"2025-04-09T23:51:37","guid":{"rendered":"https:\/\/importadoracristinateran.com\/?post_type=product&#038;p=968"},"modified":"2025-05-10T00:48:02","modified_gmt":"2025-05-10T00:48:02","slug":"novibac-dhppi","status":"publish","type":"product","link":"https:\/\/importadoracristinateran.com\/?product=novibac-dhppi","title":{"rendered":"Novibac DHPPi"},"content":{"rendered":"<h4 class=\"wp-block-heading\"><strong><span class=\"has-inline-color\">F\u00d3RMULA:<\/span><\/strong><\/h4>\n<p>Cada dosis contiene:<\/p>\n<p>Virus vivo del Distemper canino, cepa Onderstepoort \u00a0 \u226510<sup>4.0<\/sup>\u00a0DICT<sub>50<\/sub><\/p>\n<p>Virus vivo del Adenovirus canino tipo 2, cepa Manhattan LPV3 \u00a0 \u226510<sup>4.0<\/sup>\u00a0DICT<sub>50<\/sub><\/p>\n<p>Virus vivo del Parvovirus canino, cepa 154 \u00a0 \u226510<sup>7.0<\/sup>\u00a0DICT<sub>50<\/sub><\/p>\n<p>Virus vivo de la Parainfluenza canina \u00a0 \u226510<sup>5.5<\/sup>\u00a0DICT<sub>50<\/sub><\/p>\n<p>Veh\u00edculo c.b.p. \u00a0 1 dosis<\/p>\n<h4 class=\"wp-block-heading\"><strong><span class=\"has-inline-color\">INDICACIONES:<\/span><\/strong><\/h4>\n<p>Para la inmunizaci\u00f3n activa de perros sanos contra el distemper canino (moquillo), hepatitis contagiosa canina producida por el Adenovirus Canino Tipo 1 (CAV1), infecciones causadas por Adenovirus Canino Tipo 2 (CAV2), enfermedad de Parvovirus Canino (CPV) y el virus de la Parainfluenza Canina (CPI).<\/p>\n<h4 class=\"wp-block-heading\"><strong><span class=\"has-inline-color\">FORMA FARMAC\u00c9UTICA:<\/span><\/strong><\/h4>\n<p>Pastilla liofilizada.<\/p>\n<h4 class=\"wp-block-heading\"><strong><span class=\"has-inline-color\">DOSIS Y V\u00cdA DE ADMINISTRACI\u00d3N:<\/span><\/strong><\/h4>\n<p>Administrar 1 ml por v\u00eda subcut\u00e1nea.<\/p>\n<h4 class=\"wp-block-heading\"><strong><span class=\"has-inline-color\">PROGRAMA DE VACUNACI\u00d3N:<\/span><\/strong><\/h4>\n<p>La edad preferida para la vacunaci\u00f3n contra la hepatitis (CAV1) y la infecci\u00f3n por CAV2 y la parainfluenza canina es a las 8 \u2013 12 semanas de edad, ya que probablemente esta es la edad m\u00e1s precoz en la que los Anticuerpos Derivados de la madre (MAD por sus siglas en ingl\u00e9s) residuales contra estas enfermedades habr\u00e1n disminuido a niveles que probablemente no interferir\u00e1n en la respuesta inmune. La edad preferida para la vacunaci\u00f3n de los cachorros contra el distemper y el parvovirus es, asimismo el momento m\u00e1s precoz en el que los Anticuerpos Derivados de la Madre residuales contra las dos enfermedades, habr\u00e1n disminuido a niveles que probablemente no interferir\u00e1n con la respuesta inmune. En la mayor\u00eda de los casos, esta edad es entre 6 y 9 semanas de vida, pero ser\u00eda aconsejable realizar la vacunaci\u00f3n final contra estas enfermedades a las 12 semanas de vida, con el objeto de asegurar la protecci\u00f3n de los cachorros con niveles muy elevados de Anticuerpos Derivados de la Madre. Se incluyen las siguientes recomendaciones ya que es probable que la inmunizaci\u00f3n con Nobivac\u00ae DHPPi forme parte de las pautas de vacunaci\u00f3n m\u00e1s amplia:<\/p>\n<p>A. Pauta para cachorros con posible exposici\u00f3n a moquillo y\/o parvovirus antes de las 8-9 semanas de vida y de los que se desconoce el estado de los Anticuerpos Maternos (MAD, por sus siglas en ingl\u00e9s):<\/p>\n<p>4 \u2013 6 semanas de vida \u00a0 Nobivac\u00ae Parvo C o Nobivac\u00ae Puppy DP.<\/p>\n<p>8 -9 semanas de vida \u00a0 Nobivac\u00ae DHPPi con Nobivac\u00ae Lepto.<\/p>\n<p>12 semanas de vida \u00a0 Nobivac\u00ae DHPPi con Nobivac\u00ae Lepto, Nobivac\u00ae Rabia o Nobivac\u00ae RL.<\/p>\n<p>B. Pauta para cachorros en los que se inici\u00f3 la vacunaci\u00f3n a las 8-9 semanas de vida:<\/p>\n<p>8 \u2013 9 semanas de vida \u00a0 Nobivac\u00ae DHPPi con Nobivac\u00ae Lepto.<\/p>\n<p>12 semanas de vida \u00a0 Nobivac\u00ae DHPPi con Nobivac\u00ae Lepto, Nobivac\u00ae Rabia o Nobivac\u00ae RL<\/p>\n<p>C. Pauta para cachorros en los que la vacunaci\u00f3n no se inici\u00f3 antes de las 12 semanas de vida:<\/p>\n<p>12 semanas de vida \u00a0 Nobivac\u00ae DHPPi con Nobivac\u00ae Lepto, Nobivac\u00ae Rabia o Nobivac\u00aeRL.<\/p>\n<p>14 \u2013 15 semanas de vida \u00a0 Nobivac\u00ae Lepto.<\/p>\n<h4 class=\"wp-block-heading\"><strong><span class=\"has-inline-color\">REVACUNACI\u00d3N:<\/span><\/strong><\/h4>\n<p>Nobivac\u00ae DHPPi ha demostrdo desarrollar inmuidad durante un lapso mayor. Se recomienda que los perros se revacunen contra: 1.Distemper canino, hepatitis canina y parvovirus canino, hasta cada 3 a\u00f1os. 2.Infecci\u00f3n por virus de la parainfluenza canina y leptospirosis, cada a\u00f1o. 3.Rabia, hasta cada 3 a\u00f1os (puede modificarse de acuerdo con la regulaci\u00f3n local).<\/p>\n<p><strong><em>Preparaci\u00f3n de la vacuna:<\/em><\/strong><\/p>\n<p>Reconstituir el liofilizado de Nobivac\u00ae DHPPi con la adici\u00f3n de un vial (1ml) de Nobivac\u00ae diluyente est\u00e9ril o un vial (1ml) de alguno de los siguientes productos Nobivac\u00ae: Nobivac\u00ae L (bacterina de leptospirosis canina) o Nobivac\u00ae Rabia o Nobivac\u00ae RL. La vacuna deber\u00e1 utilizarse antes de los 30 minutos posteriores a su reconstituci\u00f3n.<\/p>\n<h4 class=\"wp-block-heading\"><strong><span class=\"has-inline-color\">CONSEJOS PARA LA ADMINISTRACI\u00d3N CORRECTA:<\/span><\/strong><\/h4>\n<p>\u2022 S\u00f3lo deber\u00e1n vacunarse animales sanos y deber\u00e1 realizarse una exploraci\u00f3n cl\u00ednica adecuada antes de la inoculaci\u00f3n.<\/p>\n<p>\u2022 Utilice material est\u00e9ril para la administraci\u00f3n.<\/p>\n<p>\u2022 Evitar la contaminaci\u00f3n de la vacuna con restos de desinfectantes o alcohol.<\/p>\n<h4 class=\"wp-block-heading\"><strong><span class=\"has-inline-color\">CONTRAINDICACIONES:<\/span><\/strong><\/h4>\n<p>Ninguna.<\/p>\n<h4 class=\"wp-block-heading\"><strong><span class=\"has-inline-color\">REACCIONES ADVERSAS:<\/span><\/strong><\/h4>\n<p>Ocasionalmente puede producirse una reacci\u00f3n de hipersensibilidad tipo anafil\u00e1ctica leve despu\u00e9s de la vacunaci\u00f3n, igual que puede suceder con todas las prote\u00ednas extra\u00f1as. Estas reacciones son auto limitadas en la mayor\u00eda de los casos.<\/p>\n<h4 class=\"wp-block-heading\"><strong><span class=\"has-inline-color\">ADVERTENCIAS:<\/span><\/strong><\/h4>\n<p>Vacune \u00fanicamente animales sanos.<\/p>\n<p>Despu\u00e9s de la vacunaci\u00f3n, deber\u00e1 evitarse el contacto con fuentes potenciales de infecci\u00f3n hasta 14 d\u00edas despu\u00e9s de la inoculaci\u00f3n.<\/p>\n<p>Mant\u00e9ngase fuera del alcance de los ni\u00f1os y de los animales dom\u00e9sticos.<\/p>\n<h4 class=\"wp-block-heading\"><strong><span class=\"has-inline-color\">PRECAUCIONES ESPECIALES:<\/span><\/strong><\/h4>\n<p><strong><em>Precauciones que debe tomar la persona que administra el producto veterinario a los animales:<\/em><\/strong><\/p>\n<p>Mantenga el producto en su empaque original hasta que se utilice para evitar que los ni\u00f1os tengan acceso directo al mismo.<\/p>\n<p>No comer, beber o fumar mientras est\u00e9 manipulando el producto.<\/p>\n<p>L\u00e1vese las manos cuidadosamente con agua y jab\u00f3n inmediatamente despu\u00e9s de utilizar el producto.<\/p>\n<p><strong>Gestaci\u00f3n, lactancia y fertilidad:<\/strong><\/p>\n<p>Se pueden vacunar hembras gestantes<\/p>\n<p><strong><em>Interacci\u00f3n con otros medicamentos y otras formas de interacci\u00f3n:<\/em><\/strong><\/p>\n<p>Cuando la inmunizaci\u00f3n es una parte de un programa integral, Nobivac\u00ae Lepto, Nobivac\u00ae L4, Nobivac\u00ae Rabia y\/o Nobivac\u00ae RL se pueden utilizar para reconstituir el liofilizado Nobivac\u00ae DHPPi.<\/p>\n<p>No existe informaci\u00f3n disponible sobre la seguridad y eficacia de esta vacuna con cualquier otro medicamento veterinario, excepto los productos antes mencionados. La decisi\u00f3n de utilizar esta vacuna antes o despu\u00e9s de cualquier otro medicamento veterinario se deber\u00e1 revisar caso por caso.<\/p>\n<p><strong><em>Sobredosis (s\u00edntomas, procedimientos de emergencia y ant\u00eddotos):<\/em><\/strong><\/p>\n<p>No hay signos particulares al aplicar 10 veces la dosis indicada.<\/p>\n<p><strong><em>Incompatibilidades:<\/em><\/strong><\/p>\n<p>No mezclar con ning\u00fan otro medicamento veterinario excepto Nobivac\u00ae diluyente o la vacuna de la serie Nobivac\u00ae mencionados en la secci\u00f3n de interacciones.<\/p>\n<p><strong><em>Precauciones de Almacenamiento:<\/em><\/strong><\/p>\n<p>Conservar en refrigeraci\u00f3n de 2\u00b0C a 8\u00b0C<\/p>\n<p>No congelar. Mantener en la oscuridad<\/p>\n<p>Nobivac\u00ae Diluente puede conservarse a temperatura ambiente.<\/p>\n<p>Evitar la exposici\u00f3n prolongada o repetida a temperaturas ambientales elevadas una vez fuera del refrigerador antes de usar. La potencia de la vacuna puede reducirse enormemente en el transcurso de algunas horas y en condiciones de mucho calor.<\/p>\n<h4 class=\"wp-block-heading\"><strong><span class=\"has-inline-color\">PERIODO DE RETIRO:<\/span><\/strong><\/h4>\n<p>No aplica.<\/p>\n<h4 class=\"wp-block-heading\"><strong><span class=\"has-inline-color\">PRESENTACIONES:<\/span><\/strong><\/h4>\n<p>Caja con 10 frascos de una dosis.<\/p>\n","protected":false},"excerpt":{"rendered":"<p>Es una vacuna m\u00faltiple liofilizada, contiene virus activo atenuado de bajo pasaje y alta masa antig\u00e9nica del Distemper Canino (moquillo, cepa Onderstepoort), Adenovirus Canino Tipo 2 (cepa CAV2 Manhattan LPV3) y Parvovirus Canino (cepa CPV 154) y virus de la Parainfluenza Canina (CP1 cepa Cornell) reproducidas en cultivos de l\u00edneas celulares. Contiene estabilizadores y trazas de antibi\u00f3ticos.<\/p>\n","protected":false},"featured_media":970,"comment_status":"open","ping_status":"closed","template":"","meta":{"_uag_custom_page_level_css":"","site-sidebar-layout":"default","site-content-layout":"","ast-site-content-layout":"default","site-content-style":"default","site-sidebar-style":"default","ast-global-header-display":"","ast-banner-title-visibility":"","ast-main-header-display":"","ast-hfb-above-header-display":"","ast-hfb-below-header-display":"","ast-hfb-mobile-header-display":"","site-post-title":"","ast-breadcrumbs-content":"","ast-featured-img":"","footer-sml-layout":"","theme-transparent-header-meta":"default","adv-header-id-meta":"","stick-header-meta":"","header-above-stick-meta":"","header-main-stick-meta":"","header-below-stick-meta":"","astra-migrate-meta-layouts":"set","ast-page-background-enabled":"default","ast-page-background-meta":{"desktop":{"background-color":"var(--ast-global-color-5)","background-image":"","background-repeat":"repeat","background-position":"center center","background-size":"auto","background-attachment":"scroll","background-type":"","background-media":"","overlay-type":"","overlay-color":"","overlay-opacity":"","overlay-gradient":""},"tablet":{"background-color":"","background-image":"","background-repeat":"repeat","background-position":"center center","background-size":"auto","background-attachment":"scroll","background-type":"","background-media":"","overlay-type":"","overlay-color":"","overlay-opacity":"","overlay-gradient":""},"mobile":{"background-color":"","background-image":"","background-repeat":"repeat","background-position":"center center","background-size":"auto","background-attachment":"scroll","background-type":"","background-media":"","overlay-type":"","overlay-color":"","overlay-opacity":"","overlay-gradient":""}},"ast-content-background-meta":{"desktop":{"background-color":"var(--ast-global-color-4)","background-image":"","background-repeat":"repeat","background-position":"center center","background-size":"auto","background-attachment":"scroll","background-type":"","background-media":"","overlay-type":"","overlay-color":"","overlay-opacity":"","overlay-gradient":""},"tablet":{"background-color":"var(--ast-global-color-4)","background-image":"","background-repeat":"repeat","background-position":"center center","background-size":"auto","background-attachment":"scroll","background-type":"","background-media":"","overlay-type":"","overlay-color":"","overlay-opacity":"","overlay-gradient":""},"mobile":{"background-color":"var(--ast-global-color-4)","background-image":"","background-repeat":"repeat","background-position":"center center","background-size":"auto","background-attachment":"scroll","background-type":"","background-media":"","overlay-type":"","overlay-color":"","overlay-opacity":"","overlay-gradient":""}},"_joinchat":[]},"product_brand":[],"product_cat":[29],"product_tag":[28],"class_list":{"0":"post-968","1":"product","2":"type-product","3":"status-publish","4":"has-post-thumbnail","6":"product_cat-msdsaludanimal","7":"product_tag-vacunas","8":"desktop-align-left","9":"tablet-align-left","10":"mobile-align-left","12":"first","13":"instock","14":"shipping-taxable","15":"product-type-external"},"aioseo_notices":[],"uagb_featured_image_src":{"full":["https:\/\/importadoracristinateran.com\/wp-content\/uploads\/2025\/04\/Nobivac-DHPPI-Cuadruple.png",600,600,false],"thumbnail":["https:\/\/importadoracristinateran.com\/wp-content\/uploads\/2025\/04\/Nobivac-DHPPI-Cuadruple-150x150.png",150,150,true],"medium":["https:\/\/importadoracristinateran.com\/wp-content\/uploads\/2025\/04\/Nobivac-DHPPI-Cuadruple-300x300.png",300,300,true],"medium_large":["https:\/\/importadoracristinateran.com\/wp-content\/uploads\/2025\/04\/Nobivac-DHPPI-Cuadruple.png",600,600,false],"large":["https:\/\/importadoracristinateran.com\/wp-content\/uploads\/2025\/04\/Nobivac-DHPPI-Cuadruple.png",600,600,false],"1536x1536":["https:\/\/importadoracristinateran.com\/wp-content\/uploads\/2025\/04\/Nobivac-DHPPI-Cuadruple.png",600,600,false],"2048x2048":["https:\/\/importadoracristinateran.com\/wp-content\/uploads\/2025\/04\/Nobivac-DHPPI-Cuadruple.png",600,600,false],"woocommerce_thumbnail":["https:\/\/importadoracristinateran.com\/wp-content\/uploads\/2025\/04\/Nobivac-DHPPI-Cuadruple-300x300.png",300,300,true],"woocommerce_single":["https:\/\/importadoracristinateran.com\/wp-content\/uploads\/2025\/04\/Nobivac-DHPPI-Cuadruple.png",600,600,false],"woocommerce_gallery_thumbnail":["https:\/\/importadoracristinateran.com\/wp-content\/uploads\/2025\/04\/Nobivac-DHPPI-Cuadruple-100x100.png",100,100,true],"dgwt-wcas-product-suggestion":["https:\/\/importadoracristinateran.com\/wp-content\/uploads\/2025\/04\/Nobivac-DHPPI-Cuadruple-64x64.png",64,64,true]},"uagb_author_info":{"display_name":"mcris.import@gmail.com","author_link":"https:\/\/importadoracristinateran.com\/?author=0"},"uagb_comment_info":0,"uagb_excerpt":"Es una vacuna m\u00faltiple liofilizada, contiene virus activo atenuado de bajo pasaje y alta masa antig\u00e9nica del Distemper Canino (moquillo, cepa Onderstepoort), Adenovirus Canino Tipo 2 (cepa CAV2 Manhattan LPV3) y Parvovirus Canino (cepa CPV 154) y virus de la Parainfluenza Canina (CP1 cepa Cornell) reproducidas en cultivos de l\u00edneas celulares. Contiene estabilizadores y trazas&hellip;","_links":{"self":[{"href":"https:\/\/importadoracristinateran.com\/index.php?rest_route=\/wp\/v2\/product\/968","targetHints":{"allow":["GET"]}}],"collection":[{"href":"https:\/\/importadoracristinateran.com\/index.php?rest_route=\/wp\/v2\/product"}],"about":[{"href":"https:\/\/importadoracristinateran.com\/index.php?rest_route=\/wp\/v2\/types\/product"}],"replies":[{"embeddable":true,"href":"https:\/\/importadoracristinateran.com\/index.php?rest_route=%2Fwp%2Fv2%2Fcomments&post=968"}],"wp:featuredmedia":[{"embeddable":true,"href":"https:\/\/importadoracristinateran.com\/index.php?rest_route=\/wp\/v2\/media\/970"}],"wp:attachment":[{"href":"https:\/\/importadoracristinateran.com\/index.php?rest_route=%2Fwp%2Fv2%2Fmedia&parent=968"}],"wp:term":[{"taxonomy":"product_brand","embeddable":true,"href":"https:\/\/importadoracristinateran.com\/index.php?rest_route=%2Fwp%2Fv2%2Fproduct_brand&post=968"},{"taxonomy":"product_cat","embeddable":true,"href":"https:\/\/importadoracristinateran.com\/index.php?rest_route=%2Fwp%2Fv2%2Fproduct_cat&post=968"},{"taxonomy":"product_tag","embeddable":true,"href":"https:\/\/importadoracristinateran.com\/index.php?rest_route=%2Fwp%2Fv2%2Fproduct_tag&post=968"}],"curies":[{"name":"wp","href":"https:\/\/api.w.org\/{rel}","templated":true}]}}