{"id":972,"date":"2025-04-10T00:07:56","date_gmt":"2025-04-10T00:07:56","guid":{"rendered":"https:\/\/importadoracristinateran.com\/?post_type=product&#038;p=972"},"modified":"2025-05-06T17:43:36","modified_gmt":"2025-05-06T17:43:36","slug":"feline-full-spot-5kg","status":"publish","type":"product","link":"https:\/\/importadoracristinateran.com\/?product=feline-full-spot-5kg","title":{"rendered":"Feline full spot +5kg"},"content":{"rendered":"<section>\n<article class=\"hentry product-info\">\n<div class=\"entry-content container\">\n<div class=\"row\">\n<div class=\"col-md-5 col-md-offset-1 col-sm-7\">\n<h3>Indicaciones<\/h3>\n<ul>\n<li>Para el tratamiento, control y prevenci\u00f3n de las parasitosis externas causadas por pulgas e internas causadas por nematodes y\/o cestodes.<\/li>\n<li>Ejerce un r\u00e1pido efecto letal sobre los par\u00e1sitos intestinales y, al mismo tiempo, elimina a las pulgas, hospedadores intermediarios donde cumplen parte de su ciclo de vida par\u00e1sitos internos como el\u00a0<em>Dipylidium caninum<\/em>.<\/li>\n<li>Una \u00fanica dosis es terap\u00e9utica. El intervalo entre aplicaciones es de 30 d\u00edas, frecuencia que puede variar seg\u00fan el ambiente que habita el paciente, la parasitosis que desea controlar y\/o la indicaci\u00f3n del M\u00e9dico Veterinario.<\/li>\n<li>Se recomienda alternar su uso con Protech gatos, en aquellos pacientes que no requieran la desparasitaci\u00f3n interna al mismo tiempo.<\/li>\n<li>Feline Fullspot se recomienda a partir de los 30 d\u00edas de vida y de 0,5 kg de peso.<\/li>\n<li>Puede utilizarse en animales enfermos y debilitados.<\/li>\n<\/ul>\n<h3>V\u00eda de administraci\u00f3n<\/h3>\n<p>Con Feline Fullspot la tolerancia digestiva no representa un desaf\u00edo, se aplica en forma de spot-on, directamente sobre la piel, en un \u00e1rea de distribuci\u00f3n desde la nuca hasta la cruz, a fin de evitar el lamido del producto.<\/p><\/div>\n<div class=\"col-md-4 col-md-offset-1 col-sm-5 pack\">\n<dl class=\"availability\">\n<dt>Esta presentaci\u00f3n corresponde al portfolio Global, puede variar de acuerdo a tu pa\u00eds de residencia.<\/dt>\n<\/dl>\n<\/div>\n<\/div>\n<div class=\"row\"><\/div>\n<\/div>\n<\/article>\n<\/section>\n<footer class=\"main-footer\">\n<div class=\"container\">\n<div class=\"row\">\n<div class=\"col-sm-6 col-md-4 white-border\"><\/div>\n<\/div>\n<\/div>\n<\/footer>\n","protected":false},"excerpt":{"rendered":"<p>Su efectiva formulaci\u00f3n elimina las pulgas y los par\u00e1sitos internos que frecuentemente afectan a los gatos. La Ivermectina, lactona macroc\u00edclica, tiene potentes efectos contra nematodes y \u00e1caros de la sarna. El Praziquantel, derivado sint\u00e9tico de la isoquinolina-pirazina, ejerce su actividad frente a trematodes y cestodes. El Imidacloprid, es un neonicotinoide con potentes efectos pulguicidas y r\u00e1pido poder de volteo.<br \/>\nFeline Fullspot desparasita interna y externamente al paciente felino sin generarle estr\u00e9s, gracias a su aplicaci\u00f3n t\u00f3pica.<\/p>\n","protected":false},"featured_media":973,"comment_status":"open","ping_status":"closed","template":"","meta":{"_uag_custom_page_level_css":"","site-sidebar-layout":"default","site-content-layout":"","ast-site-content-layout":"default","site-content-style":"default","site-sidebar-style":"default","ast-global-header-display":"","ast-banner-title-visibility":"","ast-main-header-display":"","ast-hfb-above-header-display":"","ast-hfb-below-header-display":"","ast-hfb-mobile-header-display":"","site-post-title":"","ast-breadcrumbs-content":"","ast-featured-img":"","footer-sml-layout":"","theme-transparent-header-meta":"default","adv-header-id-meta":"","stick-header-meta":"","header-above-stick-meta":"","header-main-stick-meta":"","header-below-stick-meta":"","astra-migrate-meta-layouts":"set","ast-page-background-enabled":"default","ast-page-background-meta":{"desktop":{"background-color":"var(--ast-global-color-5)","background-image":"","background-repeat":"repeat","background-position":"center center","background-size":"auto","background-attachment":"scroll","background-type":"","background-media":"","overlay-type":"","overlay-color":"","overlay-opacity":"","overlay-gradient":""},"tablet":{"background-color":"","background-image":"","background-repeat":"repeat","background-position":"center center","background-size":"auto","background-attachment":"scroll","background-type":"","background-media":"","overlay-type":"","overlay-color":"","overlay-opacity":"","overlay-gradient":""},"mobile":{"background-color":"","background-image":"","background-repeat":"repeat","background-position":"center center","background-size":"auto","background-attachment":"scroll","background-type":"","background-media":"","overlay-type":"","overlay-color":"","overlay-opacity":"","overlay-gradient":""}},"ast-content-background-meta":{"desktop":{"background-color":"var(--ast-global-color-4)","background-image":"","background-repeat":"repeat","background-position":"center center","background-size":"auto","background-attachment":"scroll","background-type":"","background-media":"","overlay-type":"","overlay-color":"","overlay-opacity":"","overlay-gradient":""},"tablet":{"background-color":"var(--ast-global-color-4)","background-image":"","background-repeat":"repeat","background-position":"center center","background-size":"auto","background-attachment":"scroll","background-type":"","background-media":"","overlay-type":"","overlay-color":"","overlay-opacity":"","overlay-gradient":""},"mobile":{"background-color":"var(--ast-global-color-4)","background-image":"","background-repeat":"repeat","background-position":"center center","background-size":"auto","background-attachment":"scroll","background-type":"","background-media":"","overlay-type":"","overlay-color":"","overlay-opacity":"","overlay-gradient":""}},"_joinchat":[]},"product_brand":[],"product_cat":[90],"product_tag":[81],"class_list":{"0":"post-972","1":"product","2":"type-product","3":"status-publish","4":"has-post-thumbnail","6":"product_cat-lab-labyes","7":"product_tag-antiparasitario","8":"desktop-align-left","9":"tablet-align-left","10":"mobile-align-left","12":"first","13":"instock","14":"featured","15":"shipping-taxable","16":"product-type-external"},"aioseo_notices":[],"uagb_featured_image_src":{"full":["https:\/\/importadoracristinateran.com\/wp-content\/uploads\/2025\/04\/mockup_feline_fullspot_grande_rgb_72dpi.jpg",800,546,false],"thumbnail":["https:\/\/importadoracristinateran.com\/wp-content\/uploads\/2025\/04\/mockup_feline_fullspot_grande_rgb_72dpi-150x150.jpg",150,150,true],"medium":["https:\/\/importadoracristinateran.com\/wp-content\/uploads\/2025\/04\/mockup_feline_fullspot_grande_rgb_72dpi-300x205.jpg",300,205,true],"medium_large":["https:\/\/importadoracristinateran.com\/wp-content\/uploads\/2025\/04\/mockup_feline_fullspot_grande_rgb_72dpi-768x524.jpg",768,524,true],"large":["https:\/\/importadoracristinateran.com\/wp-content\/uploads\/2025\/04\/mockup_feline_fullspot_grande_rgb_72dpi.jpg",800,546,false],"1536x1536":["https:\/\/importadoracristinateran.com\/wp-content\/uploads\/2025\/04\/mockup_feline_fullspot_grande_rgb_72dpi.jpg",800,546,false],"2048x2048":["https:\/\/importadoracristinateran.com\/wp-content\/uploads\/2025\/04\/mockup_feline_fullspot_grande_rgb_72dpi.jpg",800,546,false],"woocommerce_thumbnail":["https:\/\/importadoracristinateran.com\/wp-content\/uploads\/2025\/04\/mockup_feline_fullspot_grande_rgb_72dpi-300x300.jpg",300,300,true],"woocommerce_single":["https:\/\/importadoracristinateran.com\/wp-content\/uploads\/2025\/04\/mockup_feline_fullspot_grande_rgb_72dpi-600x410.jpg",600,410,true],"woocommerce_gallery_thumbnail":["https:\/\/importadoracristinateran.com\/wp-content\/uploads\/2025\/04\/mockup_feline_fullspot_grande_rgb_72dpi-100x100.jpg",100,100,true],"dgwt-wcas-product-suggestion":["https:\/\/importadoracristinateran.com\/wp-content\/uploads\/2025\/04\/mockup_feline_fullspot_grande_rgb_72dpi-64x44.jpg",64,44,true]},"uagb_author_info":{"display_name":"mcris.import@gmail.com","author_link":"https:\/\/importadoracristinateran.com\/?author=0"},"uagb_comment_info":0,"uagb_excerpt":"Su efectiva formulaci\u00f3n elimina las pulgas y los par\u00e1sitos internos que frecuentemente afectan a los gatos. La Ivermectina, lactona macroc\u00edclica, tiene potentes efectos contra nematodes y \u00e1caros de la sarna. El Praziquantel, derivado sint\u00e9tico de la isoquinolina-pirazina, ejerce su actividad frente a trematodes y cestodes. El Imidacloprid, es un neonicotinoide con potentes efectos pulguicidas y&hellip;","_links":{"self":[{"href":"https:\/\/importadoracristinateran.com\/index.php?rest_route=\/wp\/v2\/product\/972","targetHints":{"allow":["GET"]}}],"collection":[{"href":"https:\/\/importadoracristinateran.com\/index.php?rest_route=\/wp\/v2\/product"}],"about":[{"href":"https:\/\/importadoracristinateran.com\/index.php?rest_route=\/wp\/v2\/types\/product"}],"replies":[{"embeddable":true,"href":"https:\/\/importadoracristinateran.com\/index.php?rest_route=%2Fwp%2Fv2%2Fcomments&post=972"}],"wp:featuredmedia":[{"embeddable":true,"href":"https:\/\/importadoracristinateran.com\/index.php?rest_route=\/wp\/v2\/media\/973"}],"wp:attachment":[{"href":"https:\/\/importadoracristinateran.com\/index.php?rest_route=%2Fwp%2Fv2%2Fmedia&parent=972"}],"wp:term":[{"taxonomy":"product_brand","embeddable":true,"href":"https:\/\/importadoracristinateran.com\/index.php?rest_route=%2Fwp%2Fv2%2Fproduct_brand&post=972"},{"taxonomy":"product_cat","embeddable":true,"href":"https:\/\/importadoracristinateran.com\/index.php?rest_route=%2Fwp%2Fv2%2Fproduct_cat&post=972"},{"taxonomy":"product_tag","embeddable":true,"href":"https:\/\/importadoracristinateran.com\/index.php?rest_route=%2Fwp%2Fv2%2Fproduct_tag&post=972"}],"curies":[{"name":"wp","href":"https:\/\/api.w.org\/{rel}","templated":true}]}}