{"id":983,"date":"2025-04-10T00:56:55","date_gmt":"2025-04-10T00:56:55","guid":{"rendered":"https:\/\/importadoracristinateran.com\/?post_type=product&#038;p=983"},"modified":"2025-05-10T00:10:03","modified_gmt":"2025-05-10T00:10:03","slug":"tobramax","status":"publish","type":"product","link":"https:\/\/importadoracristinateran.com\/?product=tobramax","title":{"rendered":"Tobramax"},"content":{"rendered":"<h3>Indicaciones:<\/h3>\n<ul>\n<li>Conjuntivitis bacteriana, d\u00e9ficit de l\u00e1grimas, queratitis seca contaminada, \u00falcera de c\u00f3rnea ocasionadas por los microorganismos susceptibles, lesiones y\/o infecciones en c\u00e1mara anterior.<\/li>\n<li>Altamente efectivo frente a Pseudomona aeruginosa.<\/li>\n<\/ul>\n<h3>Dosis y V\u00edas de administraci\u00f3n:<\/h3>\n<p>Instilar una gota de Tobramax en el ojo afectado cada 12 h o seg\u00fan criterio del profesional.<\/p>\n","protected":false},"excerpt":{"rendered":"<p>Tobramax, colirio con cobertura antibi\u00f3tica de amplio espectro en una base de Condroit\u00edn Sulfato al 10%. La Tobramicina es un antibi\u00f3tico aminogluc\u00f3sido con acci\u00f3n bactericida y efectividad incluso sobre microorganismos resistentes a la Gentamicina. El Condroit\u00edn Sulfato \u201cA\u201d estimula y organiza la reparaci\u00f3n corneal, mejora la cicatrizaci\u00f3n y conserva en la superficie su humectaci\u00f3n natural y transparencia. Tobramax alcanza m\u00e1xima efectividad en el segmento anterior del ojo, lugar donde asientan el 90% de las patolog\u00edas oculares.<\/p>\n","protected":false},"featured_media":998,"comment_status":"open","ping_status":"closed","template":"","meta":{"_uag_custom_page_level_css":"","site-sidebar-layout":"default","site-content-layout":"","ast-site-content-layout":"default","site-content-style":"default","site-sidebar-style":"default","ast-global-header-display":"","ast-banner-title-visibility":"","ast-main-header-display":"","ast-hfb-above-header-display":"","ast-hfb-below-header-display":"","ast-hfb-mobile-header-display":"","site-post-title":"","ast-breadcrumbs-content":"","ast-featured-img":"","footer-sml-layout":"","theme-transparent-header-meta":"default","adv-header-id-meta":"","stick-header-meta":"","header-above-stick-meta":"","header-main-stick-meta":"","header-below-stick-meta":"","astra-migrate-meta-layouts":"set","ast-page-background-enabled":"default","ast-page-background-meta":{"desktop":{"background-color":"var(--ast-global-color-5)","background-image":"","background-repeat":"repeat","background-position":"center center","background-size":"auto","background-attachment":"scroll","background-type":"","background-media":"","overlay-type":"","overlay-color":"","overlay-opacity":"","overlay-gradient":""},"tablet":{"background-color":"","background-image":"","background-repeat":"repeat","background-position":"center center","background-size":"auto","background-attachment":"scroll","background-type":"","background-media":"","overlay-type":"","overlay-color":"","overlay-opacity":"","overlay-gradient":""},"mobile":{"background-color":"","background-image":"","background-repeat":"repeat","background-position":"center center","background-size":"auto","background-attachment":"scroll","background-type":"","background-media":"","overlay-type":"","overlay-color":"","overlay-opacity":"","overlay-gradient":""}},"ast-content-background-meta":{"desktop":{"background-color":"var(--ast-global-color-4)","background-image":"","background-repeat":"repeat","background-position":"center center","background-size":"auto","background-attachment":"scroll","background-type":"","background-media":"","overlay-type":"","overlay-color":"","overlay-opacity":"","overlay-gradient":""},"tablet":{"background-color":"var(--ast-global-color-4)","background-image":"","background-repeat":"repeat","background-position":"center center","background-size":"auto","background-attachment":"scroll","background-type":"","background-media":"","overlay-type":"","overlay-color":"","overlay-opacity":"","overlay-gradient":""},"mobile":{"background-color":"var(--ast-global-color-4)","background-image":"","background-repeat":"repeat","background-position":"center center","background-size":"auto","background-attachment":"scroll","background-type":"","background-media":"","overlay-type":"","overlay-color":"","overlay-opacity":"","overlay-gradient":""}},"_joinchat":[]},"product_brand":[],"product_cat":[90],"product_tag":[101],"class_list":{"0":"post-983","1":"product","2":"type-product","3":"status-publish","4":"has-post-thumbnail","6":"product_cat-lab-labyes","7":"product_tag-gotas","8":"desktop-align-left","9":"tablet-align-left","10":"mobile-align-left","12":"first","13":"instock","14":"shipping-taxable","15":"product-type-external"},"aioseo_notices":[],"uagb_featured_image_src":{"full":["https:\/\/importadoracristinateran.com\/wp-content\/uploads\/2025\/04\/tobramax.png",1080,1080,false],"thumbnail":["https:\/\/importadoracristinateran.com\/wp-content\/uploads\/2025\/04\/tobramax-150x150.png",150,150,true],"medium":["https:\/\/importadoracristinateran.com\/wp-content\/uploads\/2025\/04\/tobramax-300x300.png",300,300,true],"medium_large":["https:\/\/importadoracristinateran.com\/wp-content\/uploads\/2025\/04\/tobramax-768x768.png",768,768,true],"large":["https:\/\/importadoracristinateran.com\/wp-content\/uploads\/2025\/04\/tobramax-1024x1024.png",1024,1024,true],"1536x1536":["https:\/\/importadoracristinateran.com\/wp-content\/uploads\/2025\/04\/tobramax.png",1080,1080,false],"2048x2048":["https:\/\/importadoracristinateran.com\/wp-content\/uploads\/2025\/04\/tobramax.png",1080,1080,false],"woocommerce_thumbnail":["https:\/\/importadoracristinateran.com\/wp-content\/uploads\/2025\/04\/tobramax-300x300.png",300,300,true],"woocommerce_single":["https:\/\/importadoracristinateran.com\/wp-content\/uploads\/2025\/04\/tobramax-600x600.png",600,600,true],"woocommerce_gallery_thumbnail":["https:\/\/importadoracristinateran.com\/wp-content\/uploads\/2025\/04\/tobramax-100x100.png",100,100,true],"dgwt-wcas-product-suggestion":["https:\/\/importadoracristinateran.com\/wp-content\/uploads\/2025\/04\/tobramax-64x64.png",64,64,true]},"uagb_author_info":{"display_name":"mcris.import@gmail.com","author_link":"https:\/\/importadoracristinateran.com\/?author=0"},"uagb_comment_info":0,"uagb_excerpt":"Tobramax, colirio con cobertura antibi\u00f3tica de amplio espectro en una base de Condroit\u00edn Sulfato al 10%. La Tobramicina es un antibi\u00f3tico aminogluc\u00f3sido con acci\u00f3n bactericida y efectividad incluso sobre microorganismos resistentes a la Gentamicina. El Condroit\u00edn Sulfato \u201cA\u201d estimula y organiza la reparaci\u00f3n corneal, mejora la cicatrizaci\u00f3n y conserva en la superficie su humectaci\u00f3n natural&hellip;","_links":{"self":[{"href":"https:\/\/importadoracristinateran.com\/index.php?rest_route=\/wp\/v2\/product\/983","targetHints":{"allow":["GET"]}}],"collection":[{"href":"https:\/\/importadoracristinateran.com\/index.php?rest_route=\/wp\/v2\/product"}],"about":[{"href":"https:\/\/importadoracristinateran.com\/index.php?rest_route=\/wp\/v2\/types\/product"}],"replies":[{"embeddable":true,"href":"https:\/\/importadoracristinateran.com\/index.php?rest_route=%2Fwp%2Fv2%2Fcomments&post=983"}],"wp:featuredmedia":[{"embeddable":true,"href":"https:\/\/importadoracristinateran.com\/index.php?rest_route=\/wp\/v2\/media\/998"}],"wp:attachment":[{"href":"https:\/\/importadoracristinateran.com\/index.php?rest_route=%2Fwp%2Fv2%2Fmedia&parent=983"}],"wp:term":[{"taxonomy":"product_brand","embeddable":true,"href":"https:\/\/importadoracristinateran.com\/index.php?rest_route=%2Fwp%2Fv2%2Fproduct_brand&post=983"},{"taxonomy":"product_cat","embeddable":true,"href":"https:\/\/importadoracristinateran.com\/index.php?rest_route=%2Fwp%2Fv2%2Fproduct_cat&post=983"},{"taxonomy":"product_tag","embeddable":true,"href":"https:\/\/importadoracristinateran.com\/index.php?rest_route=%2Fwp%2Fv2%2Fproduct_tag&post=983"}],"curies":[{"name":"wp","href":"https:\/\/api.w.org\/{rel}","templated":true}]}}