{"id":986,"date":"2025-04-10T01:01:36","date_gmt":"2025-04-10T01:01:36","guid":{"rendered":"https:\/\/importadoracristinateran.com\/?post_type=product&#038;p=986"},"modified":"2025-04-10T01:01:58","modified_gmt":"2025-04-10T01:01:58","slug":"crema-6a","status":"publish","type":"product","link":"https:\/\/importadoracristinateran.com\/?product=crema-6a","title":{"rendered":"Crema 6A"},"content":{"rendered":"<h3>Indicaciones:<\/h3>\n<ul>\n<li>En toda lesi\u00f3n de piel infectada o no.<\/li>\n<li>Otitis aguda o cr\u00f3nica, especialmente en el perro.<\/li>\n<li>Todas las dermatitis no v\u00edricas ni tuberculosas.<\/li>\n<li>Ti\u00f1a.<\/li>\n<li>Eczemas de origen conocido o idiop\u00e1tico.<\/li>\n<li>Se puede colocar en heridas quir\u00fargicas, ya que promueve la cicatrizaci\u00f3n est\u00e9tica de las mismas.<\/li>\n<li>Por las caracter\u00edsticas del veh\u00edculo, est\u00e1 indicada para tratar incluso sobre zonas pilosas, pues no agruma el pelo, asegurando una acci\u00f3n detersiva y emoliente.<\/li>\n<\/ul>\n<h3>Dosis y V\u00edas de administraci\u00f3n:<\/h3>\n<p>Colocar sobre las lesiones en capa fina 2 a 4 veces por d\u00eda.<\/p>\n","protected":false},"excerpt":{"rendered":"<p>Crema 6A es un producto de uso dermatol\u00f3gico con el beneficio de 6 acciones: Antiinflamatoria, Antibi\u00f3tica, Antimic\u00f3tica, Anest\u00e9sica, Antial\u00e9rgica y Antipruriginosa. De composici\u00f3n evanescente con alto contenido de agua, hidrata la piel asegurando una pronta evaporaci\u00f3n sin formar grumos, sus principios activos se absorben con facilidad y act\u00faan r\u00e1pidamente sobre la lesi\u00f3n.<br \/>\nLa asociaci\u00f3n antibi\u00f3tica de Bacitracina Zn y Neomicina cubre un amplio espectro de bacterias Gram + y Gram \u2013 comunes en las lesiones de piel y mucosas. La Griseofulvina micronizada aporta el control antimic\u00f3tico. La Dexametasona se destaca por sus efectos antiinflamatorios, antiflog\u00edsticos y junto con el anest\u00e9sico local, controlan el prurito y el dolor, previniendo las lesiones por lamido o rascado excesivo. Su completa formulaci\u00f3n favorece la cicatrizaci\u00f3n est\u00e9tica de las heridas.<\/p>\n","protected":false},"featured_media":987,"comment_status":"open","ping_status":"closed","template":"","meta":{"_uag_custom_page_level_css":"","site-sidebar-layout":"default","site-content-layout":"","ast-site-content-layout":"default","site-content-style":"default","site-sidebar-style":"default","ast-global-header-display":"","ast-banner-title-visibility":"","ast-main-header-display":"","ast-hfb-above-header-display":"","ast-hfb-below-header-display":"","ast-hfb-mobile-header-display":"","site-post-title":"","ast-breadcrumbs-content":"","ast-featured-img":"","footer-sml-layout":"","theme-transparent-header-meta":"default","adv-header-id-meta":"","stick-header-meta":"","header-above-stick-meta":"","header-main-stick-meta":"","header-below-stick-meta":"","astra-migrate-meta-layouts":"set","ast-page-background-enabled":"default","ast-page-background-meta":{"desktop":{"background-color":"var(--ast-global-color-5)","background-image":"","background-repeat":"repeat","background-position":"center center","background-size":"auto","background-attachment":"scroll","background-type":"","background-media":"","overlay-type":"","overlay-color":"","overlay-opacity":"","overlay-gradient":""},"tablet":{"background-color":"","background-image":"","background-repeat":"repeat","background-position":"center center","background-size":"auto","background-attachment":"scroll","background-type":"","background-media":"","overlay-type":"","overlay-color":"","overlay-opacity":"","overlay-gradient":""},"mobile":{"background-color":"","background-image":"","background-repeat":"repeat","background-position":"center center","background-size":"auto","background-attachment":"scroll","background-type":"","background-media":"","overlay-type":"","overlay-color":"","overlay-opacity":"","overlay-gradient":""}},"ast-content-background-meta":{"desktop":{"background-color":"var(--ast-global-color-4)","background-image":"","background-repeat":"repeat","background-position":"center center","background-size":"auto","background-attachment":"scroll","background-type":"","background-media":"","overlay-type":"","overlay-color":"","overlay-opacity":"","overlay-gradient":""},"tablet":{"background-color":"var(--ast-global-color-4)","background-image":"","background-repeat":"repeat","background-position":"center center","background-size":"auto","background-attachment":"scroll","background-type":"","background-media":"","overlay-type":"","overlay-color":"","overlay-opacity":"","overlay-gradient":""},"mobile":{"background-color":"var(--ast-global-color-4)","background-image":"","background-repeat":"repeat","background-position":"center center","background-size":"auto","background-attachment":"scroll","background-type":"","background-media":"","overlay-type":"","overlay-color":"","overlay-opacity":"","overlay-gradient":""}},"_joinchat":[]},"product_brand":[],"product_cat":[90],"product_tag":[],"class_list":{"0":"post-986","1":"product","2":"type-product","3":"status-publish","4":"has-post-thumbnail","6":"product_cat-lab-labyes","7":"desktop-align-left","8":"tablet-align-left","9":"mobile-align-left","11":"first","12":"instock","13":"shipping-taxable","14":"product-type-external"},"aioseo_notices":[],"uagb_featured_image_src":{"full":["https:\/\/importadoracristinateran.com\/wp-content\/uploads\/2025\/04\/pack-GrupoB72dpi-WEB.jpg",698,358,false],"thumbnail":["https:\/\/importadoracristinateran.com\/wp-content\/uploads\/2025\/04\/pack-GrupoB72dpi-WEB-150x150.jpg",150,150,true],"medium":["https:\/\/importadoracristinateran.com\/wp-content\/uploads\/2025\/04\/pack-GrupoB72dpi-WEB-300x154.jpg",300,154,true],"medium_large":["https:\/\/importadoracristinateran.com\/wp-content\/uploads\/2025\/04\/pack-GrupoB72dpi-WEB.jpg",698,358,false],"large":["https:\/\/importadoracristinateran.com\/wp-content\/uploads\/2025\/04\/pack-GrupoB72dpi-WEB.jpg",698,358,false],"1536x1536":["https:\/\/importadoracristinateran.com\/wp-content\/uploads\/2025\/04\/pack-GrupoB72dpi-WEB.jpg",698,358,false],"2048x2048":["https:\/\/importadoracristinateran.com\/wp-content\/uploads\/2025\/04\/pack-GrupoB72dpi-WEB.jpg",698,358,false],"woocommerce_thumbnail":["https:\/\/importadoracristinateran.com\/wp-content\/uploads\/2025\/04\/pack-GrupoB72dpi-WEB-300x300.jpg",300,300,true],"woocommerce_single":["https:\/\/importadoracristinateran.com\/wp-content\/uploads\/2025\/04\/pack-GrupoB72dpi-WEB-600x308.jpg",600,308,true],"woocommerce_gallery_thumbnail":["https:\/\/importadoracristinateran.com\/wp-content\/uploads\/2025\/04\/pack-GrupoB72dpi-WEB-100x100.jpg",100,100,true],"dgwt-wcas-product-suggestion":["https:\/\/importadoracristinateran.com\/wp-content\/uploads\/2025\/04\/pack-GrupoB72dpi-WEB-64x33.jpg",64,33,true]},"uagb_author_info":{"display_name":"mcris.import@gmail.com","author_link":"https:\/\/importadoracristinateran.com\/?author=0"},"uagb_comment_info":0,"uagb_excerpt":"Crema 6A es un producto de uso dermatol\u00f3gico con el beneficio de 6 acciones: Antiinflamatoria, Antibi\u00f3tica, Antimic\u00f3tica, Anest\u00e9sica, Antial\u00e9rgica y Antipruriginosa. De composici\u00f3n evanescente con alto contenido de agua, hidrata la piel asegurando una pronta evaporaci\u00f3n sin formar grumos, sus principios activos se absorben con facilidad y act\u00faan r\u00e1pidamente sobre la lesi\u00f3n. La asociaci\u00f3n antibi\u00f3tica&hellip;","_links":{"self":[{"href":"https:\/\/importadoracristinateran.com\/index.php?rest_route=\/wp\/v2\/product\/986","targetHints":{"allow":["GET"]}}],"collection":[{"href":"https:\/\/importadoracristinateran.com\/index.php?rest_route=\/wp\/v2\/product"}],"about":[{"href":"https:\/\/importadoracristinateran.com\/index.php?rest_route=\/wp\/v2\/types\/product"}],"replies":[{"embeddable":true,"href":"https:\/\/importadoracristinateran.com\/index.php?rest_route=%2Fwp%2Fv2%2Fcomments&post=986"}],"wp:featuredmedia":[{"embeddable":true,"href":"https:\/\/importadoracristinateran.com\/index.php?rest_route=\/wp\/v2\/media\/987"}],"wp:attachment":[{"href":"https:\/\/importadoracristinateran.com\/index.php?rest_route=%2Fwp%2Fv2%2Fmedia&parent=986"}],"wp:term":[{"taxonomy":"product_brand","embeddable":true,"href":"https:\/\/importadoracristinateran.com\/index.php?rest_route=%2Fwp%2Fv2%2Fproduct_brand&post=986"},{"taxonomy":"product_cat","embeddable":true,"href":"https:\/\/importadoracristinateran.com\/index.php?rest_route=%2Fwp%2Fv2%2Fproduct_cat&post=986"},{"taxonomy":"product_tag","embeddable":true,"href":"https:\/\/importadoracristinateran.com\/index.php?rest_route=%2Fwp%2Fv2%2Fproduct_tag&post=986"}],"curies":[{"name":"wp","href":"https:\/\/api.w.org\/{rel}","templated":true}]}}