{"id":988,"date":"2025-04-10T01:05:03","date_gmt":"2025-04-10T01:05:03","guid":{"rendered":"https:\/\/importadoracristinateran.com\/?post_type=product&#038;p=988"},"modified":"2025-05-10T00:09:47","modified_gmt":"2025-05-10T00:09:47","slug":"otiflex-c","status":"publish","type":"product","link":"https:\/\/importadoracristinateran.com\/?product=otiflex-c","title":{"rendered":"Otiflex C"},"content":{"rendered":"<h3>Indicaciones<\/h3>\n<p>Otitis externas de origen bacteriano, parasitario, mic\u00f3tico y al\u00e9rgico, o una combinaci\u00f3n de las anteriores. Se recomienda la limpieza previa del conducto auditivo externo con Otiflex Limpiador, dejando transcurrir al menos 15 minutos entre ambos.<\/p>\n<h3>Dosis y V\u00edas de administraci\u00f3n:<\/h3>\n<p>En el o\u00eddo afectado: realizar 1 pulsaci\u00f3n. Masajear la base del conducto. Aplicar 2 veces por d\u00eda. Se recomiendan 10 d\u00edas de tratamiento como m\u00ednimo, duraci\u00f3n mayor sujeta a criterio profesional.<\/p>\n","protected":false},"excerpt":{"rendered":"<div class=\"col-md-5 col-md-offset-1 col-sm-7\">\n<p>Otiflex C, otol\u00f3gico con acci\u00f3n antibacteriana, antimic\u00f3tica, acaricida y antiinflamatoria de uso t\u00f3pico. Formulado para el tratamiento de afecciones iniciales y\/o recurrentes del o\u00eddo. Su composici\u00f3n integra Ciprofloxacina, antibi\u00f3tico de amplio espectro no otot\u00f3xico; Ketoconazol, antimic\u00f3tico de gran efectividad contra levaduras y dermatofitos y Prednisolona, antiinflamatorio esteroide de acci\u00f3n inmediata. En sus excipientes se encuentran el \u00e1cido trisetilenodiaminotetrac\u00e9tico (EDTA-tris) y el aceite de s\u00e9samo. El EDTA-tris gracias a su poder quelante y efecto buffer, potencia la acci\u00f3n de la Ciprofloxacina, desestabiliza las membranas de las bacterias y los Biofilms que estas forman. El aceite de s\u00e9samo es un acaricida natural, con propiedades antioxidantes y emolientes, lo cual permite restituir el epitelio del conducto auditivo.<\/p>\n<\/div>\n","protected":false},"featured_media":997,"comment_status":"open","ping_status":"closed","template":"","meta":{"_uag_custom_page_level_css":"","site-sidebar-layout":"default","site-content-layout":"","ast-site-content-layout":"default","site-content-style":"default","site-sidebar-style":"default","ast-global-header-display":"","ast-banner-title-visibility":"","ast-main-header-display":"","ast-hfb-above-header-display":"","ast-hfb-below-header-display":"","ast-hfb-mobile-header-display":"","site-post-title":"","ast-breadcrumbs-content":"","ast-featured-img":"","footer-sml-layout":"","theme-transparent-header-meta":"default","adv-header-id-meta":"","stick-header-meta":"","header-above-stick-meta":"","header-main-stick-meta":"","header-below-stick-meta":"","astra-migrate-meta-layouts":"set","ast-page-background-enabled":"default","ast-page-background-meta":{"desktop":{"background-color":"var(--ast-global-color-5)","background-image":"","background-repeat":"repeat","background-position":"center center","background-size":"auto","background-attachment":"scroll","background-type":"","background-media":"","overlay-type":"","overlay-color":"","overlay-opacity":"","overlay-gradient":""},"tablet":{"background-color":"","background-image":"","background-repeat":"repeat","background-position":"center center","background-size":"auto","background-attachment":"scroll","background-type":"","background-media":"","overlay-type":"","overlay-color":"","overlay-opacity":"","overlay-gradient":""},"mobile":{"background-color":"","background-image":"","background-repeat":"repeat","background-position":"center center","background-size":"auto","background-attachment":"scroll","background-type":"","background-media":"","overlay-type":"","overlay-color":"","overlay-opacity":"","overlay-gradient":""}},"ast-content-background-meta":{"desktop":{"background-color":"var(--ast-global-color-4)","background-image":"","background-repeat":"repeat","background-position":"center center","background-size":"auto","background-attachment":"scroll","background-type":"","background-media":"","overlay-type":"","overlay-color":"","overlay-opacity":"","overlay-gradient":""},"tablet":{"background-color":"var(--ast-global-color-4)","background-image":"","background-repeat":"repeat","background-position":"center center","background-size":"auto","background-attachment":"scroll","background-type":"","background-media":"","overlay-type":"","overlay-color":"","overlay-opacity":"","overlay-gradient":""},"mobile":{"background-color":"var(--ast-global-color-4)","background-image":"","background-repeat":"repeat","background-position":"center center","background-size":"auto","background-attachment":"scroll","background-type":"","background-media":"","overlay-type":"","overlay-color":"","overlay-opacity":"","overlay-gradient":""}},"_joinchat":[]},"product_brand":[],"product_cat":[90],"product_tag":[101],"class_list":{"0":"post-988","1":"product","2":"type-product","3":"status-publish","4":"has-post-thumbnail","6":"product_cat-lab-labyes","7":"product_tag-gotas","8":"desktop-align-left","9":"tablet-align-left","10":"mobile-align-left","12":"first","13":"instock","14":"shipping-taxable","15":"product-type-external"},"aioseo_notices":[],"uagb_featured_image_src":{"full":["https:\/\/importadoracristinateran.com\/wp-content\/uploads\/2025\/04\/pack-otiflex-c-global72dpiWEB.png",1080,1080,false],"thumbnail":["https:\/\/importadoracristinateran.com\/wp-content\/uploads\/2025\/04\/pack-otiflex-c-global72dpiWEB-150x150.png",150,150,true],"medium":["https:\/\/importadoracristinateran.com\/wp-content\/uploads\/2025\/04\/pack-otiflex-c-global72dpiWEB-300x300.png",300,300,true],"medium_large":["https:\/\/importadoracristinateran.com\/wp-content\/uploads\/2025\/04\/pack-otiflex-c-global72dpiWEB-768x768.png",768,768,true],"large":["https:\/\/importadoracristinateran.com\/wp-content\/uploads\/2025\/04\/pack-otiflex-c-global72dpiWEB-1024x1024.png",1024,1024,true],"1536x1536":["https:\/\/importadoracristinateran.com\/wp-content\/uploads\/2025\/04\/pack-otiflex-c-global72dpiWEB.png",1080,1080,false],"2048x2048":["https:\/\/importadoracristinateran.com\/wp-content\/uploads\/2025\/04\/pack-otiflex-c-global72dpiWEB.png",1080,1080,false],"woocommerce_thumbnail":["https:\/\/importadoracristinateran.com\/wp-content\/uploads\/2025\/04\/pack-otiflex-c-global72dpiWEB-300x300.png",300,300,true],"woocommerce_single":["https:\/\/importadoracristinateran.com\/wp-content\/uploads\/2025\/04\/pack-otiflex-c-global72dpiWEB-600x600.png",600,600,true],"woocommerce_gallery_thumbnail":["https:\/\/importadoracristinateran.com\/wp-content\/uploads\/2025\/04\/pack-otiflex-c-global72dpiWEB-100x100.png",100,100,true],"dgwt-wcas-product-suggestion":["https:\/\/importadoracristinateran.com\/wp-content\/uploads\/2025\/04\/pack-otiflex-c-global72dpiWEB-64x64.png",64,64,true]},"uagb_author_info":{"display_name":"mcris.import@gmail.com","author_link":"https:\/\/importadoracristinateran.com\/?author=0"},"uagb_comment_info":0,"uagb_excerpt":"Otiflex C, otol\u00f3gico con acci\u00f3n antibacteriana, antimic\u00f3tica, acaricida y antiinflamatoria de uso t\u00f3pico. Formulado para el tratamiento de afecciones iniciales y\/o recurrentes del o\u00eddo. Su composici\u00f3n integra Ciprofloxacina, antibi\u00f3tico de amplio espectro no otot\u00f3xico; Ketoconazol, antimic\u00f3tico de gran efectividad contra levaduras y dermatofitos y Prednisolona, antiinflamatorio esteroide de acci\u00f3n inmediata. En sus excipientes se encuentran&hellip;","_links":{"self":[{"href":"https:\/\/importadoracristinateran.com\/index.php?rest_route=\/wp\/v2\/product\/988","targetHints":{"allow":["GET"]}}],"collection":[{"href":"https:\/\/importadoracristinateran.com\/index.php?rest_route=\/wp\/v2\/product"}],"about":[{"href":"https:\/\/importadoracristinateran.com\/index.php?rest_route=\/wp\/v2\/types\/product"}],"replies":[{"embeddable":true,"href":"https:\/\/importadoracristinateran.com\/index.php?rest_route=%2Fwp%2Fv2%2Fcomments&post=988"}],"wp:featuredmedia":[{"embeddable":true,"href":"https:\/\/importadoracristinateran.com\/index.php?rest_route=\/wp\/v2\/media\/997"}],"wp:attachment":[{"href":"https:\/\/importadoracristinateran.com\/index.php?rest_route=%2Fwp%2Fv2%2Fmedia&parent=988"}],"wp:term":[{"taxonomy":"product_brand","embeddable":true,"href":"https:\/\/importadoracristinateran.com\/index.php?rest_route=%2Fwp%2Fv2%2Fproduct_brand&post=988"},{"taxonomy":"product_cat","embeddable":true,"href":"https:\/\/importadoracristinateran.com\/index.php?rest_route=%2Fwp%2Fv2%2Fproduct_cat&post=988"},{"taxonomy":"product_tag","embeddable":true,"href":"https:\/\/importadoracristinateran.com\/index.php?rest_route=%2Fwp%2Fv2%2Fproduct_tag&post=988"}],"curies":[{"name":"wp","href":"https:\/\/api.w.org\/{rel}","templated":true}]}}